{"id":621,"date":"2026-04-23T16:14:12","date_gmt":"2026-04-23T14:14:12","guid":{"rendered":"https:\/\/skolazadadilje.org\/?page_id=621"},"modified":"2026-04-27T08:53:54","modified_gmt":"2026-04-27T06:53:54","slug":"modul-5-stvaranje-okruzenja-koje-podstice-ucenje","status":"publish","type":"page","link":"https:\/\/skolazadadilje.org\/index.php\/modul-5-stvaranje-okruzenja-koje-podstice-ucenje\/","title":{"rendered":"MODUL 5 STVARANJE OKRU\u017dENJA KOJE PODSTI\u010cE U\u010cENJE"},"content":{"rendered":"","protected":true},"excerpt":{"rendered":"","protected":true},"author":1,"featured_media":0,"parent":0,"menu_order":0,"comment_status":"closed","ping_status":"closed","template":"","meta":{"footnotes":""},"class_list":["post-621","page","type-page","status-publish","post-password-required","hentry"],"_links":{"self":[{"href":"https:\/\/skolazadadilje.org\/index.php\/wp-json\/wp\/v2\/pages\/621","targetHints":{"allow":["GET"]}}],"collection":[{"href":"https:\/\/skolazadadilje.org\/index.php\/wp-json\/wp\/v2\/pages"}],"about":[{"href":"https:\/\/skolazadadilje.org\/index.php\/wp-json\/wp\/v2\/types\/page"}],"author":[{"embeddable":true,"href":"https:\/\/skolazadadilje.org\/index.php\/wp-json\/wp\/v2\/users\/1"}],"replies":[{"embeddable":true,"href":"https:\/\/skolazadadilje.org\/index.php\/wp-json\/wp\/v2\/comments?post=621"}],"version-history":[{"count":4,"href":"https:\/\/skolazadadilje.org\/index.php\/wp-json\/wp\/v2\/pages\/621\/revisions"}],"predecessor-version":[{"id":677,"href":"https:\/\/skolazadadilje.org\/index.php\/wp-json\/wp\/v2\/pages\/621\/revisions\/677"}],"wp:attachment":[{"href":"https:\/\/skolazadadilje.org\/index.php\/wp-json\/wp\/v2\/media?parent=621"}],"curies":[{"name":"wp","href":"https:\/\/api.w.org\/{rel}","templated":true}]}}