{"id":520,"date":"2026-04-22T19:50:09","date_gmt":"2026-04-22T17:50:09","guid":{"rendered":"https:\/\/skolazadadilje.org\/?page_id=520"},"modified":"2026-05-04T20:46:29","modified_gmt":"2026-05-04T18:46:29","slug":"start-smart-nanny-trening","status":"publish","type":"page","link":"https:\/\/skolazadadilje.org\/index.php\/start-smart-nanny-trening\/","title":{"rendered":"Start Smart Nanny Trening"},"content":{"rendered":"\n<h1>\n\t\tStart Smart Nanny Trening\n\t<\/h1>\n\t\t\t\t<img loading=\"lazy\" decoding=\"async\" src=\"https:\/\/skolazadadilje.org\/wp-content\/uploads\/2024\/01\/cropped-skola-za-dadilje-png.png\" alt=\"https:\/\/skolazadadilje.org\/wp-content\/uploads\/2024\/01\/cropped-skola-za-dadilje-png.png\" itemprop=\"image\" height=\"512\" width=\"512\" title=\"cropped-skola-za-dadilje-png.png\" onerror=\"this.style.display='none'\"  \/>\n\t<style>\n  .modul-dugme:hover {\n    background-color: #c59650 !important;\n    border-color: #c59650 !important;\n    color: #ffffff !important;\n  }\n<\/style>\n  <!-- MODUL 1 -->\n    <h3>\n      MODUL 1 &#8211; OSNOVNA BEZBEDNOST DECE\n    <\/h3>\n      <a href=\"https:\/\/skolazadadilje.org\/index.php\/modul-1-osnovna-bezbednost-dece\/\">Pogledaj Modul 1 \u2192<\/a>\n  <!-- MODUL 2 -->\n    <h3>\n      MODUL 2 &#8211; DOJENJE I ZDRAVSTVENA NEGA BEBA\n    <\/h3>\n      <a href=\"https:\/\/skolazadadilje.org\/index.php\/modul-2-dojenje-i-zdravstvena-nega-beba\/\">Pogledaj Modul 2 \u2192<\/a>\n  <!-- MODUL 3 -->\n    <h3>\n      MODUL 3 &#8211; ISHRANA BEBA I DECE\n    <\/h3>\n      <a href=\"https:\/\/skolazadadilje.org\/index.php\/modul-3-ishrana-beba-i-dece\/\">Pogledaj Modul 3 \u2192<\/a>\n  <!-- MODUL 4 -->\n    <h3>\n      MODUL 4 &#8211; RAZVOJNA MAPA\n    <\/h3>\n      <a href=\"https:\/\/skolazadadilje.org\/index.php\/modul-4-osnove-razvojne-psihologije-razvojne-mape\/\">Pogledaj Modul 4 \u2192<\/a>\n  <!-- MODUL 5 -->\n    <h3>\n      MODUL 5 &#8211; STVARANJE OKRU\u017dENJA KOJA PODSTI\u010cU U\u010cENJE\n    <\/h3>\n      <a href=\"https:\/\/skolazadadilje.org\/index.php\/modul-5-stvaranje-okruzenja-koje-podstice-ucenje\/\">Pogledaj Modul 5 \u2192<\/a>\n  <!-- MODUL 6 -->\n    <h3>\n      MODUL 6 &#8211; VA\u017dNOST RUTINE U DETINJSTVU\n    <\/h3>\n      <a href=\"https:\/\/skolazadadilje.org\/index.php\/modul-6-vaznost-rutine-u-detinjstvu\/\">Pogledaj Modul 6 \u2192<\/a>\n  <!-- MODUL 7 -->\n    <h3>\n      MODUL 7 &#8211; PRVA POMO\u0106\n    <\/h3>\n      <a href=\"https:\/\/skolazadadilje.org\/index.php\/modul-7-prva-pomoc-dadilja\/\">Pogledaj Modul 7 \u2192<\/a>\n\n","protected":false},"excerpt":{"rendered":"<p>Start Smart Nanny Trening MODUL 1 &#8211; OSNOVNA BEZBEDNOST DECE Pogledaj Modul 1 \u2192 MODUL 2 &#8211; DOJENJE I ZDRAVSTVENA NEGA BEBA Pogledaj Modul 2 \u2192<span class=\"excerpt-hellip\"> [\u2026]<\/span><\/p>\n","protected":false},"author":1,"featured_media":0,"parent":0,"menu_order":0,"comment_status":"closed","ping_status":"closed","template":"","meta":{"footnotes":""},"class_list":["post-520","page","type-page","status-publish","hentry"],"_links":{"self":[{"href":"https:\/\/skolazadadilje.org\/index.php\/wp-json\/wp\/v2\/pages\/520","targetHints":{"allow":["GET"]}}],"collection":[{"href":"https:\/\/skolazadadilje.org\/index.php\/wp-json\/wp\/v2\/pages"}],"about":[{"href":"https:\/\/skolazadadilje.org\/index.php\/wp-json\/wp\/v2\/types\/page"}],"author":[{"embeddable":true,"href":"https:\/\/skolazadadilje.org\/index.php\/wp-json\/wp\/v2\/users\/1"}],"replies":[{"embeddable":true,"href":"https:\/\/skolazadadilje.org\/index.php\/wp-json\/wp\/v2\/comments?post=520"}],"version-history":[{"count":9,"href":"https:\/\/skolazadadilje.org\/index.php\/wp-json\/wp\/v2\/pages\/520\/revisions"}],"predecessor-version":[{"id":691,"href":"https:\/\/skolazadadilje.org\/index.php\/wp-json\/wp\/v2\/pages\/520\/revisions\/691"}],"wp:attachment":[{"href":"https:\/\/skolazadadilje.org\/index.php\/wp-json\/wp\/v2\/media?parent=520"}],"curies":[{"name":"wp","href":"https:\/\/api.w.org\/{rel}","templated":true}]}}