{"id":51,"date":"2024-01-30T11:42:08","date_gmt":"2024-01-30T10:42:08","guid":{"rendered":"https:\/\/skolazadadilje.org\/?page_id=51"},"modified":"2026-02-19T12:08:23","modified_gmt":"2026-02-19T10:08:23","slug":"specijalisticke-obuke-za-kompanije","status":"publish","type":"page","link":"https:\/\/skolazadadilje.org\/index.php\/obuke\/specijalisticke-obuke-za-kompanije\/","title":{"rendered":"Specijalisti\u010dke obuke za kompanije"},"content":{"rendered":"\n\n\t\t\t<h4>\n\t\t\t\t\tSpecijalisti\u010dke obuke za kompanije\n\t\t\t\t<\/h4>\n\t\t\t<p><strong><em>Obuka po meri<\/em><\/strong><\/p>\n<p>Prepoznajemo da su svaka organizacija i njeni ciljevi jedinstveni i da \u0107e na\u010dini rada odra\u017eavati uverenja, vrednosti i kulturu organizacije. Oslanjaju\u0107i se na na\u0161e znanje i iskustvo, udru\u017eenje dadilja Srbije VIP NANNY S organizuje obuke po meri za doma\u0107e i strane organizacije, u zemlji i inostranstvu.<\/p>\n<p>\u00a0<\/p>\n<p>Svaki seminar je posebno dizajniran u saradnji sa svakim od na\u0161ih klijenata kako bi se osiguralo da obuka bude relevantna i efikasna. Na\u0161 tim \u0107e investirati svoje vreme na razumevanje potreba i o\u010dekivanja klijenata kako bi se osiguralo da su svi kriterijumi ispunjeni prema najvi\u0161im standardima. Na\u0161e korporativne obuke konstantno dobijaju pozitivne povratne informacije i fundamentalno su promenile i unapredile ponudu usluga na\u0161ih klijenata i \u017eivote dece i porodica do kojih njihove usluge dose\u017eu.<\/p>\n<p>\u00a0<\/p>\n<p><strong>&#8211; OBUKE ZA KORPORACIJE<\/strong><\/p>\n<p>Udru\u017eenje dadilja Srbije VIP NANNY&#8217;S organizuje specijalizovane visokokvalitetne obuke za kompanije, daju\u0107i Vam izra\u017eenu konkurentsku vrednost, koja je neophodna za dobrobit i motivaciju osoblja. Bri\u017eljivim odabirom seta seminara, na\u0161a specijalisti\u010dka obuka zaista pravi razliku jer mnoge ve\u0161tine kojiima u\u010dimo polaznike su korisne za efikasno reagovanje u stresnim situacijama i nepredvi\u0111enim okolnostima. <a href=\"tel:+381603334342\"><u>\u017delim da prijavim kandidate za korporativnu obuku<\/u><\/a>.<\/p>\n\t<h2><strong>USKORO ONLINE OBUKA!<\/strong><\/h2>\n\t<p><strong>&#8211; OBUKE ZA AVIO KOMPANIJE<\/strong><\/p>\n<p>Udru\u017eenje dadilja Srbije VIP NANNY&#8217;S sara\u0111uje sa aviokompanijama i organizuje specijalno dizajnirane obuke za kabinsko osoblje u cilju unapre\u0111enja pru\u017eanja vrhunskih usluga u sektoru avijacije \u010diji su deo i najmla\u0111i \u010dlanovi populacije.<\/p>\n<p>Kabinsko osoblje koje nastoji da u svim segmentima iza\u0111e u susret i putnicima sa malom decom omogu\u0107i udobno iskustvo u putovanju, ima jedinstvenu mogu\u0107nost da uz na\u0161e specijalizovane seminare usavr\u0161i ve\u0161tine i tehnike u kriznim situacijama, da razume porodi\u010dnu dinamiku tokom putovanja sa malim bebama, kao i ve\u0161tine pru\u017eanja prve pomo\u0107i bebama i reanimaciju dece.<\/p>\n<p>Investicija ovakve vrste garantuje avio kompanijama da njihovi putnici mogu biti bezbedni sa svojim porodicama u avionu i u\u017eivati tokom leta u dru\u0161tvu posade, koja je pro\u0161la obuku od strane vode\u0107ih eksperata iz oblasti obrazovanja dece ranog uzrasta. <a href=\"tel:+381603334342\"><u>\u017delim da prijavim kandidate za obuku kabinskog osoblja.<\/u><\/a><\/p>\n<p><strong>&#8211; OBUKE ZA DOMA\u0106INSTVA<\/strong><\/p>\n<p>U porodi\u010dnim doma\u0107instvima gde ku\u0107ni personal broji dvocifren broj ljudi, ponekad je te\u0161ko odr\u017eati harmoniju porodi\u010dnog doma. Investirajte u Va\u0161 ku\u0107ni personal i otvorite im mogu\u0107nost usavr\u0161avanja kroz najnovija saznanja iz oblasti porodi\u010dnog asistiranja i dozvolite im da nau\u010de isprobane pristupe u pru\u017eanju podr\u0161ke, podr\u017eite ih da nau\u010de da promovi\u0161u dobru atmosferu i budu motivisani da efikasnije obavljaju svoje zadatke. <a href=\"tel:+381603334342\"><u>\u017delim da prijavim ku\u0107ni personal za specijalisti\u010dku obuku.<\/u><\/a><\/p>\n\t<h2><a href=\"https:\/\/forms.gle\/QcizJWD7brFJSMch6\" target=\"_blank\" rel=\"noopener\"><strong>PRIJAVITE SE ZA ONLINE OBUKU!<\/strong><\/a><\/h2>\n\n","protected":false},"excerpt":{"rendered":"<p>Specijalisti\u010dke obuke za kompanije Obuka po meri Prepoznajemo da su svaka organizacija i njeni ciljevi jedinstveni i da \u0107e na\u010dini rada odra\u017eavati uverenja, vrednosti i kulturu<span class=\"excerpt-hellip\"> [\u2026]<\/span><\/p>\n","protected":false},"author":1,"featured_media":0,"parent":20,"menu_order":1,"comment_status":"closed","ping_status":"closed","template":"","meta":{"footnotes":""},"class_list":["post-51","page","type-page","status-publish","hentry"],"_links":{"self":[{"href":"https:\/\/skolazadadilje.org\/index.php\/wp-json\/wp\/v2\/pages\/51","targetHints":{"allow":["GET"]}}],"collection":[{"href":"https:\/\/skolazadadilje.org\/index.php\/wp-json\/wp\/v2\/pages"}],"about":[{"href":"https:\/\/skolazadadilje.org\/index.php\/wp-json\/wp\/v2\/types\/page"}],"author":[{"embeddable":true,"href":"https:\/\/skolazadadilje.org\/index.php\/wp-json\/wp\/v2\/users\/1"}],"replies":[{"embeddable":true,"href":"https:\/\/skolazadadilje.org\/index.php\/wp-json\/wp\/v2\/comments?post=51"}],"version-history":[{"count":17,"href":"https:\/\/skolazadadilje.org\/index.php\/wp-json\/wp\/v2\/pages\/51\/revisions"}],"predecessor-version":[{"id":504,"href":"https:\/\/skolazadadilje.org\/index.php\/wp-json\/wp\/v2\/pages\/51\/revisions\/504"}],"up":[{"embeddable":true,"href":"https:\/\/skolazadadilje.org\/index.php\/wp-json\/wp\/v2\/pages\/20"}],"wp:attachment":[{"href":"https:\/\/skolazadadilje.org\/index.php\/wp-json\/wp\/v2\/media?parent=51"}],"curies":[{"name":"wp","href":"https:\/\/api.w.org\/{rel}","templated":true}]}}