{"id":493,"date":"2026-02-19T11:50:15","date_gmt":"2026-02-19T09:50:15","guid":{"rendered":"https:\/\/skolazadadilje.org\/?page_id=493"},"modified":"2026-02-23T10:25:35","modified_gmt":"2026-02-23T08:25:35","slug":"clanstvo-za-roditelje","status":"publish","type":"page","link":"https:\/\/skolazadadilje.org\/index.php\/clanstvo\/clanstvo-za-roditelje\/","title":{"rendered":"\u010clanstvo za roditelje"},"content":{"rendered":"\n\n\t\t\t\t<img loading=\"lazy\" decoding=\"async\" src=\"https:\/\/skolazadadilje.org\/wp-content\/uploads\/2026\/02\/skolazadadilje_img14-480x360.webp\" alt=\"skolazadadilje_img14\" itemprop=\"image\" height=\"360\" width=\"480\" title=\"skolazadadilje_img14\" onerror=\"this.style.display='none'\"  \/>\n\t\t\t<h4>\n\t\t\t\t\t\u010clanstvo za roditelje\n\t\t\t\t<\/h4>\n\t\t\t<p><strong>Za\u0161to postati \u010dlan?<\/strong><\/p>\n<p>Udru\u017eenje dadilja Srbije VIP NANNY S olak\u0161ava povezivanje porodica i dadilja. Bez obzira na to da li Vam je potrebna povremena ili stalna pomo\u0107, tokom no\u0107i ili dana, na\u0161i resursi Vam obezbe\u0111uju pristup bazi podataka u koju su sme\u0161teni kurikulumi dadilja \u010dlanica.\u00a0<\/p>\n<p>\u00a0<\/p>\n<p>&#8211; \u010clanovi udru\u017eenja imaju popuste na edukativne radionice za roditelje<br \/>&#8211; \u010clanovima udru\u017eenja je omogu\u0107eno da oglase ponude za poslove brige o deci \u00a0i prona\u0111u dadilje\/ \u010dlanove putem naloga na dru\u0161tvenim mre\u017eama Udru\u017eenja dadilja ili<\/p>\n<p>Ukoliko \u017eelite da postanete na\u0161 \u010dlan ili tra\u017eite dadilju, bebisiterku , guvernantu ili specijalistu za novoro\u0111enu bebu, <u>ovde<\/u> mo\u017eete uplatiti godi\u0161nju \u010dlanarinu.<\/p>\n<p>\u00a0<\/p>\n<p>U skladu sa Va\u0161im potrebama, mo\u017eete samostalno odabrati paket \u010dlanstva za roditelje.<\/p>\n<p>\u00a0<\/p>\n<p>\u00a0\u00a0\u00a0\u00a0\u00a0\u00a0\u00a0\u00a0\u00a0\u00a0\u00a0\u00a0\u00a0\u00a0\u00a0\u00a0\u00a0\u00a0\u00a0<strong> BASIC\u00a0\u00a0\u00a0 &#8211;\u00a0\u00a0\u00a0\u00a0 STANDARD\u00a0\u00a0\u00a0 &#8211;\u00a0\u00a0\u00a0 GOLD\u00a0\u00a0\u00a0\u00a0 &#8211;\u00a0\u00a0\u00a0 PREMIUM<\/strong><\/p>\n<p>\u00a0<\/p>\n<p><strong>BASIC 6.000 rsd<\/strong><\/p>\n<p>&#8211; Klijent dobija pristup listi verifikovanih dadilja (3)<\/p>\n<p>\u00a0<\/p>\n<p><strong>STANDARD 12.000 rsd<\/strong><\/p>\n<p>&#8211; Pristup bazi sertifikovanih dadilja (4)<\/p>\n<p>&#8211; Provera prvog stepena( uklju\u010duje proveru dokumentacije sa naglaskom na proveri kriminalne pro\u0161losti, proveru sadr\u017eaja na dru\u0161tvenim mre\u017eama)<\/p>\n<p>&#8211; Ogla\u0161avanje ponude posla na na\u0161im dru\u0161tvenim mre\u017eama ( whtts upp, viber, Facee book, IG)<\/p>\n<p>\u00a0<\/p>\n<p><strong>GOLD 20.000 rsd<\/strong><\/p>\n<p>&#8211; Pristup bazi sertifikovanih dadilja (4)<\/p>\n<p>&#8211; Provera drugog stepena (uklju\u010duje proveru dokumentacije sa naglaskom na proveri kriminalne pro\u0161losti, proveru sadr\u017eaja na dru\u0161tvenim mre\u017eama, mi\u0161ljenje psihologa).<\/p>\n<p>&#8211; Ogla\u0161avanje ponude posla na na\u0161im dru\u0161tvenim mre\u017eama ( whtts upp, viber, Face book, IG)<\/p>\n<p>&#8211; Jedna besplatna konsultacija sa psihologom<\/p>\n<p>\u00a0<\/p>\n<p><strong>PREMIUM 28.000 RSD<\/strong><\/p>\n<p>&#8211; Pristup bazi sertifikovanih dadilja (6)<\/p>\n<p>&#8211; Provera drugog stepena (uklju\u010duje proveru dokumentacije sa naglaskom na proveri kriminalne pro\u0161losti, proveru sadr\u017eaja na dru\u0161tvenim mre\u017eama, mi\u0161ljenje psihologa).<\/p>\n<p>&#8211; Ogla\u0161avanje ponude posla na na\u0161im dru\u0161tvenim mre\u017eama( whtts upp, viber, Facee book, IG)<\/p>\n<p>&#8211; Jedna besplatna konsultacija sa psihologom<\/p>\n<p>\u00a0<\/p>\n<p><strong>NAPOMENA:<\/strong><\/p>\n<p>\u00a0<strong><em>Udru\u017eenje nije posrednik, ne daje garancije, niti funkcioni\u0161e po principu agencija za \u010duvanje dece. Na\u0161a misija je da podr\u017eimo zajednicu i olak\u0161amo roditeljima i dadiljama saradnju.<\/em><\/strong><\/p>\n<p>Udru\u017eenje dadilja Srbija zadr\u017eava pravo da po svom isklju\u010divom i apsolutnom naho\u0111enju uskrati \u010dlanstvo bilo kom podnosiocu.<\/p>\n<p>-\u010clanstvo va\u017ei 365 dana.<br \/>-\u010clanarine se ne vra\u0107aju.<\/p>\n<p>\u00a0<\/p>\n<p><strong><u>Aplikaciju preuzmite <a href=\"https:\/\/skolazadadilje.org\/wp-content\/uploads\/2026\/02\/Pristupnica-udruzenja.doc\" target=\"_blank\" rel=\"noopener\"><em>OVDE!<\/em><\/a><\/u><\/strong><\/p>\n\t<h2><a href=\"https:\/\/forms.gle\/QcizJWD7brFJSMch6\" target=\"_blank\" rel=\"noopener\"><strong>PRIJAVITE SE ZA ONLINE OBUKU!<\/strong><\/a><\/h2>\n\n","protected":false},"excerpt":{"rendered":"<p>\u010clanstvo za roditelje Za\u0161to postati \u010dlan? Udru\u017eenje dadilja Srbije VIP NANNY S olak\u0161ava povezivanje porodica i dadilja. Bez obzira na to da li Vam je potrebna<span class=\"excerpt-hellip\"> [\u2026]<\/span><\/p>\n","protected":false},"author":1,"featured_media":0,"parent":26,"menu_order":1,"comment_status":"closed","ping_status":"closed","template":"","meta":{"footnotes":""},"class_list":["post-493","page","type-page","status-publish","hentry"],"_links":{"self":[{"href":"https:\/\/skolazadadilje.org\/index.php\/wp-json\/wp\/v2\/pages\/493","targetHints":{"allow":["GET"]}}],"collection":[{"href":"https:\/\/skolazadadilje.org\/index.php\/wp-json\/wp\/v2\/pages"}],"about":[{"href":"https:\/\/skolazadadilje.org\/index.php\/wp-json\/wp\/v2\/types\/page"}],"author":[{"embeddable":true,"href":"https:\/\/skolazadadilje.org\/index.php\/wp-json\/wp\/v2\/users\/1"}],"replies":[{"embeddable":true,"href":"https:\/\/skolazadadilje.org\/index.php\/wp-json\/wp\/v2\/comments?post=493"}],"version-history":[{"count":6,"href":"https:\/\/skolazadadilje.org\/index.php\/wp-json\/wp\/v2\/pages\/493\/revisions"}],"predecessor-version":[{"id":516,"href":"https:\/\/skolazadadilje.org\/index.php\/wp-json\/wp\/v2\/pages\/493\/revisions\/516"}],"up":[{"embeddable":true,"href":"https:\/\/skolazadadilje.org\/index.php\/wp-json\/wp\/v2\/pages\/26"}],"wp:attachment":[{"href":"https:\/\/skolazadadilje.org\/index.php\/wp-json\/wp\/v2\/media?parent=493"}],"curies":[{"name":"wp","href":"https:\/\/api.w.org\/{rel}","templated":true}]}}