{"id":489,"date":"2026-02-19T11:47:28","date_gmt":"2026-02-19T09:47:28","guid":{"rendered":"https:\/\/skolazadadilje.org\/?page_id=489"},"modified":"2026-02-19T12:12:23","modified_gmt":"2026-02-19T10:12:23","slug":"start-smart-dadilje","status":"publish","type":"page","link":"https:\/\/skolazadadilje.org\/index.php\/clanstvo\/start-smart-dadilje\/","title":{"rendered":"Start smart dadilje"},"content":{"rendered":"\n\n\t\t\t\t<img loading=\"lazy\" decoding=\"async\" src=\"https:\/\/skolazadadilje.org\/wp-content\/uploads\/2026\/02\/skolazadadilje_img10-480x320.webp\" alt=\"skolazadadilje_img10\" itemprop=\"image\" height=\"320\" width=\"480\" title=\"skolazadadilje_img10\" onerror=\"this.style.display='none'\"  \/>\n\t\t\t<h4>\n\t\t\t\t\tStart Smart Dadilje\n\t\t\t\t<\/h4>\n\t\t\t<p>START SMART NANNY \u2122 &#8211; Basic Training Program je stru\u010dno osmi\u0161ljena po\u010detna edukacija namenjena budu\u0107im dadiljama koje \u017eele da steknu sigurne i profesionalne temelje za rad sa bebama i decom.<\/p>\n<p>Program obuhvata klju\u010dne oblasti bezbednosti, ishrane, psiholo\u0161kog razvoja i svakodnevne organizacije detetovog \u017eivota, omogu\u0107avaju\u0107i polaznicama da razumeju potrebe deteta, pravilno<br \/>reaguju u razli\u010ditim situacijama i izgrade profesionalni pristup radu.<\/p>\n<p>Kroz jasno strukturisane module, polaznici sti\u010du osnovna znanja iz razvojne psihologije, razumevanja razvojnih stadijuma, psihologije deteta i va\u017enosti rutine, \u0161to im omogu\u0107ava da deci pru\u017ee sigurno, stabilno i podsticajno okru\u017eenje.<\/p>\n<p>Ova obuka predstavlja prvi, ali klju\u010dni korak ka profesionalnoj karijeri dadilje i temelj za dalju specijalizaciju i napredovanje u okviru naprednih programa akademije.<\/p>\n<p>\u00a0<\/p>\n<p><strong>Za\u0161to postati \u010dlan?<\/strong><\/p>\n<p>&#8211; \u010clanovi dobijaju Start SMART &#8211; basic obuku za dadilje u elektronskoj formi<\/p>\n<p>-Resursi udru\u017eenja dadilja poma\u017eu dadiljama da odr\u017ee visok standard znanja kroz<\/p>\n<p>specijalizovane i ekspertske seminare<\/p>\n<p>&#8211; \u010clanovi imaju pristup najnovijim informacijama i mogu\u0107nostima za<\/p>\n<p>napredne obuke<\/p>\n<p>&#8211; \u010clanovi imaju popust za profesionalne webinare<\/p>\n<p>-\u010clanovi imaju popust za seminare i godi\u0161nje konferencije<\/p>\n<p>\u00a0<\/p>\n<p><strong>Kako postati \u010dlan udru\u017eenja dadilja Srbije?<\/strong><\/p>\n<p>Apliciranje za \u010dlanstvo vr\u0161i se preuzimanjem pristupnice (.doc), koju popunjenu i od\u0161tampanu treba poslati na emejl \u0160kole za dadilje ( (ovde treba da stoji linkskolazadadilje gmail.com). Sva polja\/podaci u pristupnici su obavezna. Nakon odobrenja aplikacije, svaki budu\u0107i \u010dlan je du\u017ean da u roku od 7 (sedam) dana uplati godi\u0161nju \u010dlanarinu na ra\u010dun Udru\u017eenja.<\/p>\n<p>\u00a0<\/p>\n<p>Udru\u017eenje dadilja Srbija zadr\u017eava pravo da po svom isklju\u010divom i apsolutnom naho\u0111enju uskrati \u010dlanstvo bilo kom podnosiocu.<\/p>\n<p>-\u010clanstvo va\u017ei 365 dana.<br \/>-\u010clanarine se ne vra\u0107aju.<br \/>-Godi\u0161nja \u010dlanarina iznosi 5000<\/p>\n\t<h2><a href=\"https:\/\/forms.gle\/QcizJWD7brFJSMch6\" target=\"_blank\" rel=\"noopener\"><strong>PRIJAVITE SE ZA ONLINE OBUKU!<\/strong><\/a><\/h2>\n\n","protected":false},"excerpt":{"rendered":"<p>Start Smart Dadilje START SMART NANNY \u2122 &#8211; Basic Training Program je stru\u010dno osmi\u0161ljena po\u010detna edukacija namenjena budu\u0107im dadiljama koje \u017eele da steknu sigurne i profesionalne<span class=\"excerpt-hellip\"> [\u2026]<\/span><\/p>\n","protected":false},"author":1,"featured_media":0,"parent":26,"menu_order":1,"comment_status":"closed","ping_status":"closed","template":"","meta":{"footnotes":""},"class_list":["post-489","page","type-page","status-publish","hentry"],"_links":{"self":[{"href":"https:\/\/skolazadadilje.org\/index.php\/wp-json\/wp\/v2\/pages\/489","targetHints":{"allow":["GET"]}}],"collection":[{"href":"https:\/\/skolazadadilje.org\/index.php\/wp-json\/wp\/v2\/pages"}],"about":[{"href":"https:\/\/skolazadadilje.org\/index.php\/wp-json\/wp\/v2\/types\/page"}],"author":[{"embeddable":true,"href":"https:\/\/skolazadadilje.org\/index.php\/wp-json\/wp\/v2\/users\/1"}],"replies":[{"embeddable":true,"href":"https:\/\/skolazadadilje.org\/index.php\/wp-json\/wp\/v2\/comments?post=489"}],"version-history":[{"count":3,"href":"https:\/\/skolazadadilje.org\/index.php\/wp-json\/wp\/v2\/pages\/489\/revisions"}],"predecessor-version":[{"id":505,"href":"https:\/\/skolazadadilje.org\/index.php\/wp-json\/wp\/v2\/pages\/489\/revisions\/505"}],"up":[{"embeddable":true,"href":"https:\/\/skolazadadilje.org\/index.php\/wp-json\/wp\/v2\/pages\/26"}],"wp:attachment":[{"href":"https:\/\/skolazadadilje.org\/index.php\/wp-json\/wp\/v2\/media?parent=489"}],"curies":[{"name":"wp","href":"https:\/\/api.w.org\/{rel}","templated":true}]}}