{"id":483,"date":"2026-02-19T11:37:10","date_gmt":"2026-02-19T09:37:10","guid":{"rendered":"https:\/\/skolazadadilje.org\/?page_id=483"},"modified":"2026-02-19T11:46:40","modified_gmt":"2026-02-19T09:46:40","slug":"clanstvo-za-dadilje","status":"publish","type":"page","link":"https:\/\/skolazadadilje.org\/index.php\/clanstvo\/clanstvo-za-dadilje\/","title":{"rendered":"\u010clanstvo za dadilje"},"content":{"rendered":"\n\n\t\t\t\t<img loading=\"lazy\" decoding=\"async\" src=\"https:\/\/skolazadadilje.org\/wp-content\/uploads\/2026\/02\/skolazadadilje_img13-480x320.webp\" alt=\"skolazadadilje_img13\" itemprop=\"image\" height=\"320\" width=\"480\" title=\"skolazadadilje_img13\" onerror=\"this.style.display='none'\"  \/>\n\t\t\t<h4>\n\t\t\t\t\t\u010clanstvo za dadilje\n\t\t\t\t<\/h4>\n\t\t\t<p><strong>Za\u0161to postati \u010dlan?<\/strong><\/p>\n<p>-Dodavanje logotipa udru\u017eenja dadilja Srbije u Va\u0161 CV ili portfolio mo\u017ee Vas pozitivno izdvojiti u odnosu na druge kandidate<\/p>\n<p>-Elektronska ID kartica sa QR qodom mo\u017ee pomo\u0107i da se istaknete na tr\u017ei\u0161tu usluga kao registrovana dadilja<\/p>\n<p>-Resursi udru\u017eenja dadilja poma\u017eu dadiljama da odr\u017ee visok standard znanja kroz specijalizovane i ekspertske seminare<\/p>\n<p>&#8211; \u010clanovi imaju pristup najnovijim informacijama i mogu\u0107nostima za napredne obuke<\/p>\n<p>&#8211; \u010clanovi imaju popust za profesionalne webinare<\/p>\n<p>-\u010clanovi imaju popust za seminare i godi\u0161nje konferencije<\/p>\n<p>-Dostupni resursi za zapo\u0161ljavanje<\/p>\n<p>\u00a0<\/p>\n<p><u>Popunjavanjem pristupnice odnosno registracijom, sertifikovane dadilje se automatski upisuju u bazu podataka premium agencije za dadilje <a href=\"https:\/\/cuvanjedece24h.rs\/\" target=\"_blank\" rel=\"noopener\"><em><strong>KOLIBRI BABYSITTING.<\/strong><\/em><\/a> <\/u><\/p>\n<p>\u00a0<\/p>\n<p><strong>Kako postati \u010dlan udru\u017eenja dadilja Srbije?<\/strong><\/p>\n<p>Apliciranje za \u010dlanstvo vr\u0161i se preuzimanjem pristupnice (.doc), koju popunjenu i od\u0161tampanu treba poslati na imejl \u0160kole za dadilje ( (ovde treba da stoji link<\/p>\n<p>skolazadadilje gmail.com). Sva polja\/podaci u pristupnici su obavezna. Nakon odobrenja aplikacije, svaki budu\u0107i \u010dlan je du\u017ean da u roku od 7 (sedam) dana uplati<\/p>\n<p>godi\u0161nju \u010dlanarinu na ra\u010dun Udru\u017eenja.<\/p>\n<p>\u00a0<\/p>\n<p>Udru\u017eenje dadilja Srbija zadr\u017eava pravo da po svom isklju\u010divom i apsolutnom naho\u0111enju uskrati \u010dlanstvo bilo kom podnosiocu.<\/p>\n<p>&#8211; \u010clanstvo va\u017ei 365 dana.<br \/>&#8211; \u010clanarine se ne vra\u0107aju.<br \/>&#8211; Godi\u0161nja \u010dlanarina iznosi 5000 dinara<\/p>\n<p>\u00a0<\/p>\n<p><strong><em>Potrebna dokumenta<\/em><\/strong><\/p>\n<p>Nakon dobijene potvrde o odobrenoj aplikaciji za \u010dlanstvo potrebno je prilo\u017eiti<\/p>\n<p>slede\u0107a dokumenta:<\/p>\n<p>&#8211; Sertifikat o polo\u017eenoj obuci za dadilje<\/p>\n<p>\u00a0<\/p>\n<p>Aplikaciju preuzmite <em><strong><a href=\"https:\/\/skolazadadilje.org\/wp-content\/uploads\/2026\/02\/Pristupnica-udruzenja.doc\" target=\"_blank\" rel=\"noopener\">OVDE!<\/a><\/strong><\/em><\/p>\n\t<h2><a href=\"https:\/\/forms.gle\/QcizJWD7brFJSMch6\" target=\"_blank\" rel=\"noopener\"><strong>PRIJAVITE SE ZA ONLINE OBUKU!<\/strong><\/a><\/h2>\n\n","protected":false},"excerpt":{"rendered":"<p>\u010clanstvo za dadilje Za\u0161to postati \u010dlan? -Dodavanje logotipa udru\u017eenja dadilja Srbije u Va\u0161 CV ili portfolio mo\u017ee Vas pozitivno izdvojiti u odnosu na druge kandidate -Elektronska<span class=\"excerpt-hellip\"> [\u2026]<\/span><\/p>\n","protected":false},"author":1,"featured_media":0,"parent":26,"menu_order":1,"comment_status":"closed","ping_status":"closed","template":"","meta":{"footnotes":""},"class_list":["post-483","page","type-page","status-publish","hentry"],"_links":{"self":[{"href":"https:\/\/skolazadadilje.org\/index.php\/wp-json\/wp\/v2\/pages\/483","targetHints":{"allow":["GET"]}}],"collection":[{"href":"https:\/\/skolazadadilje.org\/index.php\/wp-json\/wp\/v2\/pages"}],"about":[{"href":"https:\/\/skolazadadilje.org\/index.php\/wp-json\/wp\/v2\/types\/page"}],"author":[{"embeddable":true,"href":"https:\/\/skolazadadilje.org\/index.php\/wp-json\/wp\/v2\/users\/1"}],"replies":[{"embeddable":true,"href":"https:\/\/skolazadadilje.org\/index.php\/wp-json\/wp\/v2\/comments?post=483"}],"version-history":[{"count":3,"href":"https:\/\/skolazadadilje.org\/index.php\/wp-json\/wp\/v2\/pages\/483\/revisions"}],"predecessor-version":[{"id":488,"href":"https:\/\/skolazadadilje.org\/index.php\/wp-json\/wp\/v2\/pages\/483\/revisions\/488"}],"up":[{"embeddable":true,"href":"https:\/\/skolazadadilje.org\/index.php\/wp-json\/wp\/v2\/pages\/26"}],"wp:attachment":[{"href":"https:\/\/skolazadadilje.org\/index.php\/wp-json\/wp\/v2\/media?parent=483"}],"curies":[{"name":"wp","href":"https:\/\/api.w.org\/{rel}","templated":true}]}}