{"id":477,"date":"2026-02-19T11:27:31","date_gmt":"2026-02-19T09:27:31","guid":{"rendered":"https:\/\/skolazadadilje.org\/?page_id=477"},"modified":"2026-02-19T11:35:15","modified_gmt":"2026-02-19T09:35:15","slug":"master-program","status":"publish","type":"page","link":"https:\/\/skolazadadilje.org\/index.php\/obuke\/master-program\/","title":{"rendered":"Master program"},"content":{"rendered":"\n\n\t\t\t\t<img loading=\"lazy\" decoding=\"async\" src=\"https:\/\/skolazadadilje.org\/wp-content\/uploads\/2026\/02\/skolazadadilje_img5-480x480.webp\" alt=\"skolazadadilje_img5\" itemprop=\"image\" height=\"480\" width=\"480\" title=\"skolazadadilje_img5\" onerror=\"this.style.display='none'\"  \/>\n\t\t\t<h4>\n\t\t\t\t\tMaster program\n\t\t\t\t<\/h4>\n\t\t\t<p>Master program \u201eProfesionalna dadilja &#8211; Specijalista za UHNW &amp; VIP porodice&#8221; predstavlja najvi\u0161i akademsko-profesionalni nivo edukacije u oblasti nege, razvoja i za\u0161tite dece, namenjen stvaranju elitnih kadrova sposobnih za rad u najzahtevnijim i najekskluzivnijim porodi\u010dnim sistemima sveta.<\/p>\n<p>\u00a0<\/p>\n<p>Program je bri\u017eno dizajniran kao holisti\u010dki, interdisciplinarni i visoko specijalizovan obrazovni put, koji integri\u0161e razvojnu psihologiju, savremenu pedagogiju, pedijatrijsku bezbednost, luksuzne protokole, me\u0111unarodne standarde i psiholo\u0161ku stabilnost profesionalca.<\/p>\n<p>\u00a0<\/p>\n<p>Kroz dvanaest intenzivnih modula,\u00a0polaznici sti\u010du dubinsko razumevanje de\u010dijeg razvoja od ro\u0111enja do adolescencije, razvijaju napredne ve\u0161tine emocionalne regulacije, kriznog reagovanja i individualnog rada sa decom sa posebnim potrebama, dok paralelno usvajaju visoke protokole pona\u0161anja, diskrecije i profesionalne etike neophodne za rad u UHNW, diplomatskim, kraljevskim i visokorizi\u010dnim porodicama.<\/p>\n<p>\u00a0<\/p>\n<p>Ovaj master program ne obrazuje dadilje &#8211; on formira elitne profesionalce sposobne da istovremeno budu stabilna figura detetu, diskretan oslonac porodici i visoko obu\u010den stru\u010dnjak u slo\u017eenim porodi\u010dnim, bezbednosnim i kulturnim kontekstima.<\/p>\n<p>\u00a0<\/p>\n<p>Poseban akcenat stavljen je na bezbednosne i anti-kidnapping protokole, psiholo\u0161ku otpornost i razvoj profesionalnog identiteta, \u010dime se polaznice pripremaju za globalnu karijeru u samom vrhu me\u0111unarodnog tr\u017ei\u0161ta rada.<\/p>\n\t<p>Zavr\u0161etkom programa, polaznici sti\u010du presti\u017enu titulu:<\/p>\n<h4><strong>Elite Master Nanny Specialist &#8211; UHNW Certified<\/strong><\/h4>\n<p>&nbsp;<\/p>\n<ul>\n<li>Me\u0111unarodno prepoznat sertifikat izvrsnosti, rezervisan za najvi\u0161i rang profesionalnih dadilja.<\/li>\n<li>Ovo nije edukacija.<\/li>\n<li>\ufe0fOvo je elitna akademska formacija profesionalnog identiteta.<\/li>\n<\/ul>\n<p>&nbsp;<\/p>\n<h4><strong>SPECIFI\u010cNOSTI\u00a0PROGRAMA<\/strong><\/h4>\n<ul>\n<li>\u00a0Akademska dubina<\/li>\n<li>Luksuzni profesionalni standard<\/li>\n<li>Vrhunska bezbednosna obuka<\/li>\n<li>Psiholo\u0161ka stabilnost i otpornost<\/li>\n<li>Me\u0111unarodni karijerni potencijal<\/li>\n<\/ul>\n<p>&nbsp;<\/p>\n<p>Master program VIP NANNIES oblikuje novu generaciju elitnih profesionalnih dadilja &#8211; stabilnih, diskretnih, visoko obrazovanih i globalno konkurentnih.<\/p>\n\t<h2><a href=\"https:\/\/forms.gle\/QcizJWD7brFJSMch6\" target=\"_blank\" rel=\"noopener\"><strong>PRIJAVITE SE ZA ONLINE OBUKU!<\/strong><\/a><\/h2>\n\n","protected":false},"excerpt":{"rendered":"<p>Master program Master program \u201eProfesionalna dadilja &#8211; Specijalista za UHNW &amp; VIP porodice&#8221; predstavlja najvi\u0161i akademsko-profesionalni nivo edukacije u oblasti nege, razvoja i za\u0161tite dece, namenjen<span class=\"excerpt-hellip\"> [\u2026]<\/span><\/p>\n","protected":false},"author":1,"featured_media":0,"parent":20,"menu_order":1,"comment_status":"closed","ping_status":"closed","template":"","meta":{"footnotes":""},"class_list":["post-477","page","type-page","status-publish","hentry"],"_links":{"self":[{"href":"https:\/\/skolazadadilje.org\/index.php\/wp-json\/wp\/v2\/pages\/477","targetHints":{"allow":["GET"]}}],"collection":[{"href":"https:\/\/skolazadadilje.org\/index.php\/wp-json\/wp\/v2\/pages"}],"about":[{"href":"https:\/\/skolazadadilje.org\/index.php\/wp-json\/wp\/v2\/types\/page"}],"author":[{"embeddable":true,"href":"https:\/\/skolazadadilje.org\/index.php\/wp-json\/wp\/v2\/users\/1"}],"replies":[{"embeddable":true,"href":"https:\/\/skolazadadilje.org\/index.php\/wp-json\/wp\/v2\/comments?post=477"}],"version-history":[{"count":3,"href":"https:\/\/skolazadadilje.org\/index.php\/wp-json\/wp\/v2\/pages\/477\/revisions"}],"predecessor-version":[{"id":482,"href":"https:\/\/skolazadadilje.org\/index.php\/wp-json\/wp\/v2\/pages\/477\/revisions\/482"}],"up":[{"embeddable":true,"href":"https:\/\/skolazadadilje.org\/index.php\/wp-json\/wp\/v2\/pages\/20"}],"wp:attachment":[{"href":"https:\/\/skolazadadilje.org\/index.php\/wp-json\/wp\/v2\/media?parent=477"}],"curies":[{"name":"wp","href":"https:\/\/api.w.org\/{rel}","templated":true}]}}