{"id":47,"date":"2024-01-30T11:41:41","date_gmt":"2024-01-30T10:41:41","guid":{"rendered":"https:\/\/skolazadadilje.org\/?page_id=47"},"modified":"2026-02-23T10:14:48","modified_gmt":"2026-02-23T08:14:48","slug":"specijalisticke-obuke","status":"publish","type":"page","link":"https:\/\/skolazadadilje.org\/index.php\/obuke\/specijalisticke-obuke\/","title":{"rendered":"Specijalisti\u010dke obuke"},"content":{"rendered":"\n\n\t\t\t\t<img loading=\"lazy\" decoding=\"async\" src=\"https:\/\/skolazadadilje.org\/wp-content\/uploads\/2026\/02\/skolazadadilje_img4-480x376.webp\" alt=\"skolazadadilje_img4\" itemprop=\"image\" height=\"376\" width=\"480\" title=\"skolazadadilje_img4\" onerror=\"this.style.display='none'\"  \/>\n\t\t\t<h4>\n\t\t\t\t\tSpecijalisti\u010dke obuke\n\t\t\t\t<\/h4>\n\t\t\t<p>Specijalisti\u010dke obuke koje organizuje \u0161kola za dadilje VIP NANNY&#8217;S daje profesionalnim dadiljama inovativne alate koji im mogu pomo\u0107i da unaprede svoja dostignu\u0107a i da svoju ulogu profesionalca u industriji dadilja izuzetno dobro unov\u010de. Na\u0161i strastveni predava\u010di \u0107e podeliti sa vama svoja iskustva i tehnike rada, generi\u0161u\u0107i obuku i prakti\u010dna znanja sa najsavremenijim istra\u017eivanjima.<\/p>\n<p>\u00a0<\/p>\n<p>Specijalisti\u010dka obuka za profesionalce bez premca, pru\u017ea mogu\u0107nost da ovladate ve\u0161tinama i znanjima koja su potrebna da bi ste radili na najvi\u0161em nivou i imali zagarantovano dobre finansijske uslove rada. Akademsko iskustvo na\u0161ih predava\u010da u obrazovanju dece i porodice podsta\u0107i \u0107e Va\u0161a razmi\u0161ljanja kroz prizme mnogih disciplina kao \u0161to su psihologija, medicina, neuronauke, filozofija, dru\u0161tvene nauke.<\/p>\n\t<p>Polaznici specijalisti\u010dke obuke \u0107e nau\u010diti da postanu refleksivni prakti\u010dari sa kriti\u010dkim razumevanjem razli\u010ditosti beba i male dece i sa sve\u0161\u0107u o tome kako iskustva u ranom periodu razvoja oblikuju njihove \u017eivote. Na\u0161 fokus na izvrsnost obuke a kasnije i zapo\u0161ljavanje profesionalaca sa najboljim rezultatima, garantuje polaznicima najvi\u0161e prose\u010dne plate u Evropi i brojne mogu\u0107nosti za samostalno zapo\u0161ljavanje \u0161irom sveta.<\/p>\n<p>VIP NANNY&#8217;S je jedina institucija u Evropi i regionu koja organizuje specijalisti\u010dke obuke za profesionalne dadilje, priprema ih i supervizira za rad u royal i <strong><a href=\"https:\/\/en.wikipedia.org\/wiki\/High-net-worth_individual#:~:text=Ultra%2Dhigh%2Dnet%2Dworth%20individuals%20are%20defined%20in%20the,yachts%20and%20personal%20real%20estate\" target=\"_blank\" rel=\"noopener\">UHNWI<\/a><\/strong> porodicama. Kao visoko kvalifikovana dadilja &#8211; specijalista, dobi\u0107ete pristup <a href=\"http:\/\/www.cuvanjedece24h.rs\/\" target=\"_blank\" rel=\"noopener\"><strong>premium agenciji<\/strong><\/a>\u00a0koja \u0107e Vam ponuditi izbor poslova i natprose\u010dne plate za najbolje polaznike, kao i podr\u0161ku za do\u017eivotnu profesionalnu karijeru.<\/p>\n<p>Pogledaj listu specijalisti\u010dkih seminara <strong><a href=\"https:\/\/skolazadadilje.org\/index.php\/obuke\/specijalisticki-seminari\/\">ovde.<\/a><\/strong><\/p>\n\t<!doctype html>\n<html>\n<link href=\"https:\/\/fonts.googleapis.com\/css?family=Libre Baskerville:100,200,300,400,400i,500,600,700,800,900&#038;display=swap\" rel=\"stylesheet\"\/>\n<link href=\"https:\/\/fonts.googleapis.com\/css?family=Montserrat:100,200,300,400,400i,500,600,700,800,900&#038;display=swap\" rel=\"stylesheet\"\/>\n<link href=\"https:\/\/fonts.googleapis.com\/css?family=Playfair Display:100,200,300,400,400i,500,600,700,800,900&#038;display=swap\" rel=\"stylesheet\"\/>\n<link href=\"https:\/\/cdnjs.cloudflare.com\/ajax\/libs\/font-awesome\/4.7.0\/css\/font-awesome.min.css\" rel=\"stylesheet\"\/>\n<style type=\"text\/css\" data-bundle=\"true\">\nhtml{font-size:16px;-ms-box-sizing:border-box;-moz-box-sizing:border-box;-webkit-box-sizing:border-box;box-sizing:border-box;scroll-behavior:smooth}@media all and (min-width: 768px){html{font-size:16px}}*,*:before,*:after{box-sizing:inherit}\na{-webkit-transition:all 200ms ease;-moz-transition:all 200ms ease;transition:all 200ms ease;color:#cb8741}\na:active,a:focus,a:hover{color:#966129}.open a{-webkit-transition:background-color 200ms ease,color 200ms ease;-moz-transition:background-color 200ms ease,color 200ms ease;transition:background-color 200ms ease,color 200ms ease}\nbody{display:-webkit-box;display:-moz-box;display:box;display:-webkit-flex;display:-moz-flex;display:-ms-flexbox;display:flex;-webkit-box-orient:vertical;-moz-box-orient:vertical;-spec-box-orient:vertical;box-orient:vertical;-webkit-box-direction:normal;-moz-box-direction:normal;-spec-box-direction:normal;box-direction:normal;-webkit-flex-direction:column;-moz-flex-direction:column;-spec-flex-direction:column;flex-direction:column;-ms-flex-direction:column;position:relative;height:100vh;margin:0;padding:0;background-color:#f2f2f2;color:#4c4c4c;overflow-x:hidden}.section__body ul{margin-left:2rem}.section__body ul{list-style:initial}figure{position:relative;margin:0 0 1rem}figure\nimg{display:block;width:100%}figcaption{display:block;position:absolute;bottom:0;left:0;width:100%;padding:0.5rem 1rem;font-size:14px;font-style:italic;z-index:0}figcaption:before{display:block;position:absolute;top:0;left:0;width:100%;height:100%;background-color:#fff;content:\"\";opacity:0.7;z-index:-1}.img-responsive{display:block;width:100%;height:auto}.card{display:-webkit-box;display:-moz-box;display:box;display:-webkit-flex;display:-moz-flex;display:-ms-flexbox;display:flex;-webkit-box-orient:vertical;-moz-box-orient:vertical;-spec-box-orient:vertical;box-orient:vertical;-webkit-box-direction:normal;-moz-box-direction:normal;-spec-box-direction:normal;box-direction:normal;-webkit-flex-direction:column;-moz-flex-direction:column;-spec-flex-direction:column;flex-direction:column;-ms-flex-direction:column;-webkit-transition:-webkit-transform 200ms ease,background-color 200ms ease,box-shadow 200ms ease;-moz-transition:-moz-transform 200ms ease,background-color 200ms ease,box-shadow 200ms ease;transition:transform 200ms ease,background-color 200ms ease,box-shadow 200ms ease;position:relative;height:100%;border-radius:4px;background-color:#fff;color:#4c4c4c;text-decoration:none;box-shadow:0 1px 2px 0 rgba(0,0,0,0.15);-webkit-border-radius:4px;-moz-border-radius:4px;overflow:hidden}.card:active,.card:focus,.card:hover{-webkit-transition:-webkit-transform 200ms ease,background-color 200ms ease,box-shadow 200ms ease;-moz-transition:-moz-transform 200ms ease,background-color 200ms ease,box-shadow 200ms ease;transition:transform 200ms ease,background-color 200ms ease,box-shadow 200ms ease;background-color:#fff;color:#4c4c4c;box-shadow:0px 8px 12px 0px rgba(0,0,0,0.15)}.card h2,.card h3{color:#323232}.card a{text-decoration:none}.card__img-container{display:-webkit-box;display:-moz-box;display:box;display:-webkit-flex;display:-moz-flex;display:-ms-flexbox;display:flex;position:relative}.card__img{aspect-ratio:16 \/ 9;width:100%;object-fit:cover}.card__body-container{display:-webkit-box;display:-moz-box;display:box;display:-webkit-flex;display:-moz-flex;display:-ms-flexbox;display:flex;-webkit-box-orient:vertical;-moz-box-orient:vertical;-spec-box-orient:vertical;box-orient:vertical;-webkit-box-direction:normal;-moz-box-direction:normal;-spec-box-direction:normal;box-direction:normal;-webkit-flex-direction:column;-moz-flex-direction:column;-spec-flex-direction:column;flex-direction:column;-ms-flex-direction:column;height:100%}.card__body{width:100%;height:100%;padding:16px}.card__category{margin-bottom:8px;color:#4c4c4c;font-size:14px;text-transform:uppercase}.card__name{display:-webkit-box;text-overflow:ellipsis;overflow:hidden;-webkit-box-orient:vertical;-webkit-line-clamp:3;margin:0 0 1rem;font-family:\"Playfair Display\",sans-serif;font-size:20px;font-weight:600;line-height:1.25;margin-bottom:8px}.card__product-info{display:-webkit-box;display:-moz-box;display:box;display:-webkit-flex;display:-moz-flex;display:-ms-flexbox;display:flex;-webkit-box-align:center;-moz-box-align:center;-spec-box-align:center;box-align:center;-webkit-align-items:center;-moz-align-items:center;-ms-align-items:center;-o-align-items:center;-spec-align-items:center;align-items:center;-ms-flex-align:center;color:#4c4c4c;font-size:14px}.card__product-info .toga-icon{margin-right:8px}.card__description{display:-webkit-box;text-overflow:ellipsis;overflow:hidden;-webkit-box-orient:vertical;-webkit-line-clamp:3;margin-top:8px;margin-bottom:0;color:#4c4c4c;font-weight:400}.card__price{display:-webkit-box;display:-moz-box;display:box;display:-webkit-flex;display:-moz-flex;display:-ms-flexbox;display:flex;margin-bottom:0;color:#4c4c4c;font-size:14px;line-height:1.5}.card__price-container{padding:0 16px 16px}.card__price-container strong{flex-shrink:0;margin-right:8px;color:#4c4c4c;font-family:\"Playfair Display\",sans-serif;font-size:20px;font-weight:600;line-height:1.2}.card--dashboard .card__header{display:-webkit-box;display:-moz-box;display:box;display:-webkit-flex;display:-moz-flex;display:-ms-flexbox;display:flex;-webkit-box-orient:vertical;-moz-box-orient:vertical;-spec-box-orient:vertical;box-orient:vertical;-webkit-box-direction:normal;-moz-box-direction:normal;-spec-box-direction:normal;box-direction:normal;-webkit-flex-direction:column;-moz-flex-direction:column;-spec-flex-direction:column;flex-direction:column;-ms-flex-direction:column;-webkit-box-flex:1;-moz-box-flex:1;-spec-box-flex:1;box-flex:1;-webkit-flex:1 1 auto;-moz-flex:1 1 auto;-ms-flex:1 1 auto;-spec-flex:1 1 auto;flex:1 1 auto;position:relative;z-index:103}.card--dashboard .card__header a{display:-webkit-box;display:-moz-box;display:box;display:-webkit-flex;display:-moz-flex;display:-ms-flexbox;display:flex;-webkit-box-orient:vertical;-moz-box-orient:vertical;-spec-box-orient:vertical;box-orient:vertical;-webkit-box-direction:normal;-moz-box-direction:normal;-spec-box-direction:normal;box-direction:normal;-webkit-flex-direction:column;-moz-flex-direction:column;-spec-flex-direction:column;flex-direction:column;-ms-flex-direction:column;-webkit-box-flex:1;-moz-box-flex:1;-spec-box-flex:1;box-flex:1;-webkit-flex:1 1 auto;-moz-flex:1 1 auto;-ms-flex:1 1 auto;-spec-flex:1 1 auto;flex:1 1 auto;-webkit-box-pack:justify;-moz-box-pack:justify;-spec-box-pack:justify;box-pack:justify;-webkit-justify-content:space-between;-moz-justify-content:space-between;-ms-justify-content:space-between;-o-justify-content:space-between;-spec-justify-content:space-between;justify-content:space-between;-ms-flex-pack:justify;width:100%;height:100%;text-decoration:none}.card--dashboard .card__name{height:100%;margin:0 24px 24px;padding-top:2rem;text-align:center}.card--dashboard .card__name--community{margin-bottom:16px}.card--dashboard .card__body{height:auto;margin:0;text-align:center}.card--dashboard .card__img{aspect-ratio:16 \/ 9;height:100%;width:100%;object-fit:cover}.card--dashboard .card__details{display:flex;flex:1;height:3rem}.card--dashboard .card__details a,.products__list{display:-webkit-box;display:-moz-box;display:box;display:-webkit-flex;display:-moz-flex;display:-ms-flexbox;display:flex;-webkit-box-lines:multiple;-moz-box-lines:multiple;-spec-box-lines:multiple;box-lines:multiple;-webkit-flex-wrap:wrap;-moz-flex-wrap:wrap;-ms-flex-wrap:wrap;-spec-flex-wrap:wrap;flex-wrap:wrap;margin-right:-1rem;margin-left:-1rem;padding-right:0;padding-left:0;-webkit-box-pack:center;-moz-box-pack:center;-spec-box-pack:center;box-pack:center;-webkit-justify-content:center;-moz-justify-content:center;-ms-justify-content:center;-o-justify-content:center;-spec-justify-content:center;justify-content:center;-ms-flex-pack:center}.products__list:after,.products__list:before{-webkit-flex-basis:0;-moz-flex-basis:0;-spec-flex-basis:0;flex-basis:0;-ms-flex-preferred-size:0;order:1}\n.products__list-item{position:relative;width:100%;padding-right:1rem;padding-left:1rem;flex:0 0 100%;max-width:100%;padding-bottom:24px}@media all and (min-width: 570px){.products__list-item{position:relative;width:100%;padding-right:1rem;padding-left:1rem;flex:0 0 50%;max-width:50%}}@media all and (min-width: 992px){.products__list-item{flex:0 0 33.33%;max-width:33.33%}}.products__collections-list{display:-webkit-box;display:-moz-box;display:box;display:-webkit-flex;display:-moz-flex;display:-ms-flexbox;display:flex;-webkit-box-lines:multiple;-moz-box-lines:multiple;-spec-box-lines:multiple;box-lines:multiple;-webkit-flex-wrap:wrap;-moz-flex-wrap:wrap;-ms-flex-wrap:wrap;-spec-flex-wrap:wrap;flex-wrap:wrap;-webkit-box-align:center;-moz-box-align:center;-spec-box-align:center;box-align:center;-webkit-align-items:center;-moz-align-items:center;-ms-align-items:center;-o-align-items:center;-spec-align-items:center;align-items:center;-ms-flex-align:center;margin:0 0 1rem}.products__collections-list:after,.products__collections-list:before{-webkit-flex-basis:0;-moz-flex-basis:0;-spec-flex-basis:0;flex-basis:0;-ms-flex-preferred-size:0;order:1}.products__collections-list-item{display:block;width:100%;padding:0.5rem 0;line-height:1}@media all and (min-width: 768px){.products__collections-list-item{display:inline-block;width:auto;margin:0 1rem 0 0}.products__collections-list-item:last-child{margin:0}}.products__collections-list-item a{position:relative;padding-left:0.8rem;line-height:1;text-decoration:none}@media all and (min-width: 768px){.products__collections-list-item a{padding-left:0}}.products__collections-list-item a:after{display:inline-block;position:absolute;bottom:0;left:0;width:3px;height:100%;background-color:#cb8741;content:none}@media all and (min-width: 768px){.products__collections-list-item a:after{bottom:-5px;width:100%;height:1px}}.products__collections-list-item a.active:after,.products__collections-list-item a:active:after,.products__collections-list-item a:focus:after,.products__collections-list-item a:hover:after{content:\"\"}.collections__container{position:relative;width:100%;margin:0 auto;padding-right:1rem;padding-left:1rem;padding-top:2rem;padding-bottom:1rem}@media all and (min-width: 768px){.collections__container{max-width:768px}}@media all and (min-width: 992px){.collections__container{max-width:992px}}@media all and (min-width: 1200px){.collections__container{max-width:1200px}}@media all and (min-width: 768px){.collections__container{padding-top:4rem;padding-bottom:2rem}}.collections__heading{margin:0 0 1rem;font-family:\"Montserrat\",sans-serif;font-size:27px;font-weight:700;line-height:1.2}@media all and (min-width: 768px){.collections__heading{font-size:40px}}\n\/* ====== MODAL ====== *\/\n.custom-modal {\n  display: none;\n  position: fixed;\n  z-index: 9999;\n  inset: 0;\n  background: rgba(0,0,0,0.6);\n  justify-content: center;\n  align-items: center;\n  padding: 30px;\n  animation: fadeIn 0.25s ease;\n}\n.custom-modal-content {\n  background: #fff;\n  max-width: 800px;\n  width: 100%;\n  padding: 40px;\n  border-radius: 12px;\n  max-height: 85vh;\n  overflow-y: auto;\n  position: relative;\n  font-family: \"Montserrat\", sans-serif;\n  line-height: 1.7;\n}\n.custom-modal-content h2 {\n  font-family: \"Playfair Display\", serif;\n  font-size: 32px;\n  margin-bottom: 20px;\n}\n.custom-modal-content h3 {\n  margin-top: 30px;\n  margin-bottom: 15px;\n  font-weight: 600;\n}\n.custom-modal-content p {\n  margin-bottom: 18px;\n  font-size: 16px;\n  color: #444;\n}\n.custom-modal-content ul {\n  margin-left: 20px;\n  margin-bottom: 20px;\n}\n.custom-modal-content li {\n  margin-bottom: 10px;\n}\n.custom-close {\n  position: absolute;\n  top: 15px;\n  right: 20px;\n  font-size: 28px;\n  cursor: pointer;\n  transition: 0.2s;\n}\n.custom-close:hover {\n  transform: scale(1.2);\n}\n.custom-modal.active {\n  display: flex;\n}\n@keyframes fadeIn {\n  from { opacity: 0; }\n  to { opacity: 1; }\n}\n<\/style>\n<!--\/ tema -->\n<body>\n    <a id=\"cst-v2-section-page_header\"><\/a>\n<main id=\"main-content\" role=\"main\">\n<a href=\"#\" data-popup-id=\"gold-nanny-popup\">\n      <img decoding=\"async\" src=\"https:\/\/skolazadadilje.org\/wp-content\/uploads\/2026\/02\/skolazadadilje_img8.webp\" alt=\"\" loading=\"lazy\"\/>\n        <h3>Gold nanny program , Advanced Professional Certification Program Elite Childcare<\/h3>\n              Obuka\n          <p>Tajni protokol vrhunske nege, bezbednosti i razvoja dece za najzahtevnije porodice sveta<\/p>\n          \n              <!--<strong>&euro; 199<\/strong>-->\n          \n<\/a>\n<a href=\"#\" data-popup-id=\"PROFESSIONAL-NEW-BORN\">\n      <img decoding=\"async\" src=\"https:\/\/skolazadadilje.org\/wp-content\/uploads\/2026\/02\/skolazadadilje_img11.webp\" loading=\"lazy\"\/>\n        <h3>PROFESSIONAL NEW BORN CARE PROGRAM<\/h3>\n          Obuka\n          <p>Globalni standard profesionalne nege beba<\/p>\n          \n              <!--<strong>&euro; 199<\/strong>-->\n          \n<\/a>\n<\/main>\n   <!-- SKRIVENI SADRZAJ -->\n  <h2>Gold nanny program , Advanced Professional Certification Program Elite Childcare<\/h2>\n  \n    Tajni protokol vrhunske nege, bezbednosti i razvoja dece za najzahtevnije porodice sveta\n  \n  \n    Gold nanny program  predstavlja najvi\u0161i svetski standard edukacije za profesionalne dadilje, kreiran kao elitni sertifikacioni program za one koji \u017eele da dostignu apsolutni vrh u oblasti bezbednosti, nege, razvoja i profesionalne izvrsnosti u radu sa decom.\n  \n  \n      Ovaj vi\u0161enedeljni, intenzivni  program kombinuje savremenu pedijatriju, urgentnu medicinu, razvojnu psihologiju, emocionalnu inteligenciju, sigurnosne protokole i luksuzni profesionalni etiket, oblikuju\u0107i novu generaciju elitnih dadilja &#8211; vrhunskih stru\u010dnjaka sposobnih da odgovore na najzahtevnije globalne standarde.\n  \n  \n      Program je dizajniran kao sinteza medicinske preciznosti, psiholo\u0161ke stabilnosti, pedago\u0161ke izvrsnosti i vrhunskog profesionalnog kodeksa, stvaraju\u0107i stru\u010dnjake koji ne samo da \u010duvaju decu, ve\u0107 aktivno oblikuju njihov kognitivni, emocionalni i socijalni potencijal.\n  \n  <p><strong>Kroz 15 strukturisanih modula, polaznici prolaze kompletnu transformaciju &#8211; od standardne nege do elitnog profesionalnog identiteta, osposobljeni da:<\/strong><\/p>\n  <ul>\n    <li>Prepoznaju i upravljaju urgentnim medicinskim stanjima<\/li>\n    <li>Primene najvi\u0161e protokole bezbednosti dece<\/li>\n    <li>Razumeju kompleksne razvojne faze<\/li>\n    <li>Podsti\u010du emocionalnu stabilnost, samostalnost i inteligenciju<\/li>\n    <li>Grade poverenje u porodicama visokog profila<\/li>\n    <li>Funkcioni\u0161u kao diskretni, pouzdani i visoko profesionalni saradnici roditelja<\/li>\n  <\/ul>\n  <p><strong>Na\u0161i polaznici postaju:<\/strong> Elite Childcare Specialist<\/p>\n  <h2>PROFESSIONAL NEW BORN CARE PROGRAM<\/h2>\n  \n    Globalni standard profesionalne nege beba\n  \n  \n    Ova ekskluzivna obuka predstavlja sveobuhvatan profesionalni program za rad sa novoro\u0111en\u010dadima, osmi\u0161ljen prema najvi\u0161im medicinskim, pedago\u0161kim i psiholo\u0161kim standardima savremene nege.\n    \n    \nOva obuka ne osposobljava samo stru\u010dne dadilje &#8211; on stvara elitne neonatalne negovatelje, sposobne da pru\u017ee najvi\u0161i nivo sigurnosti, poverenja i profesionalne brige u prvim, najva\u017enijim danima \u017eivota deteta.\n\nEkskluzivna obuka za profesionalne dadilje koji postavlja zlatni standard nege novoro\u0111en\u010deta, kombinuju\u0107i medicinsku preciznost, emotivnu inteligenciju i elitni profesionalizam.\n  \n  <p><strong>Na\u0161i polaznici postaju:<\/strong> NEW BORN SPECIALIST<\/p>\n<!-- MODAL -->\n    &times;\n<\/body>\n<\/html>\n\t<h2><a href=\"https:\/\/forms.gle\/QcizJWD7brFJSMch6\" target=\"_blank\" rel=\"noopener\"><strong>PRIJAVITE SE ZA ONLINE OBUKU!<\/strong><\/a><\/h2>\n\n","protected":false},"excerpt":{"rendered":"<p>Specijalisti\u010dke obuke Specijalisti\u010dke obuke koje organizuje \u0161kola za dadilje VIP NANNY&#8217;S daje profesionalnim dadiljama inovativne alate koji im mogu pomo\u0107i da unaprede svoja dostignu\u0107a i da<span class=\"excerpt-hellip\"> [\u2026]<\/span><\/p>\n","protected":false},"author":1,"featured_media":0,"parent":20,"menu_order":1,"comment_status":"closed","ping_status":"closed","template":"","meta":{"footnotes":""},"class_list":["post-47","page","type-page","status-publish","hentry"],"_links":{"self":[{"href":"https:\/\/skolazadadilje.org\/index.php\/wp-json\/wp\/v2\/pages\/47","targetHints":{"allow":["GET"]}}],"collection":[{"href":"https:\/\/skolazadadilje.org\/index.php\/wp-json\/wp\/v2\/pages"}],"about":[{"href":"https:\/\/skolazadadilje.org\/index.php\/wp-json\/wp\/v2\/types\/page"}],"author":[{"embeddable":true,"href":"https:\/\/skolazadadilje.org\/index.php\/wp-json\/wp\/v2\/users\/1"}],"replies":[{"embeddable":true,"href":"https:\/\/skolazadadilje.org\/index.php\/wp-json\/wp\/v2\/comments?post=47"}],"version-history":[{"count":31,"href":"https:\/\/skolazadadilje.org\/index.php\/wp-json\/wp\/v2\/pages\/47\/revisions"}],"predecessor-version":[{"id":510,"href":"https:\/\/skolazadadilje.org\/index.php\/wp-json\/wp\/v2\/pages\/47\/revisions\/510"}],"up":[{"embeddable":true,"href":"https:\/\/skolazadadilje.org\/index.php\/wp-json\/wp\/v2\/pages\/20"}],"wp:attachment":[{"href":"https:\/\/skolazadadilje.org\/index.php\/wp-json\/wp\/v2\/media?parent=47"}],"curies":[{"name":"wp","href":"https:\/\/api.w.org\/{rel}","templated":true}]}}