{"id":26,"date":"2024-01-30T11:35:29","date_gmt":"2024-01-30T10:35:29","guid":{"rendered":"https:\/\/skolazadadilje.org\/?page_id=26"},"modified":"2025-12-17T16:35:13","modified_gmt":"2025-12-17T14:35:13","slug":"clanstvo","status":"publish","type":"page","link":"https:\/\/skolazadadilje.org\/index.php\/clanstvo\/","title":{"rendered":"\u010clanstvo"},"content":{"rendered":"\n\n\t\t\t<h3>\n\t\t\t\t\t\u010cLANSTVO\n\t\t\t\t<\/h3>\n\t\t\t\t<img loading=\"lazy\" decoding=\"async\" src=\"https:\/\/skolazadadilje.org\/wp-content\/uploads\/2024\/03\/clanska-karta-480x310.jpg\" alt=\"clanska-karta\" itemprop=\"image\" height=\"310\" width=\"480\" title=\"clanska-karta\" onerror=\"this.style.display='none'\"  \/>\n\t<p>Udruzenje dadilja Srbije VIP NANNIES povezuje dadilje i profesionalce za brigu o deci, sr\u010dano rade\u0107i na promovisanju resursa, informacija, alata i mogu\u0107nosti koje podsti\u010du na\u0161u zajednicu.<\/p>\n<p>Polaze\u0107i od premise da se zala\u017eemo jedni za druge, delimo zajedni\u010dke izazove i trijumfe, sti\u010demo konkurentnost na svetskom tr\u017ei\u0161tu profesionalnih usluga kao aktivni, preduzimljivi, savremeno orijentisani i informisani te o\u010dekujemo da su svi \u010dlanovi saglasni da po\u0161tuju profesionalne standarde kao i da se pridr\u017eavaju kodeksa koje propisuju standardi na\u0161e organizacije.<\/p>\n<p>&nbsp;<\/p>\n<p>&nbsp;<\/p>\n<p><strong><em>Ko mo\u017ee postati \u010dlan udru\u017eenja dadilja Srbije?<\/em><\/strong><\/p>\n<p>&#8211; Dadilje i drugi pru\u017eaoci usluga nege dece u ku\u0107i<\/p>\n<p>&#8211; Specijalisti za negu novoro\u0111en\u010dadi<\/p>\n<p>&#8211; Vaspita\u010di<\/p>\n<p>&#8211; U\u010ditelji<\/p>\n<p>&#8211; Defektolozi<\/p>\n<p>&#8211; Dadilje poslodavci<\/p>\n<p>&#8211; Agencije za \u010duvanje dece<\/p>\n<p>&#8211; Roditelji<\/p>\n<p>&nbsp;<\/p>\n<p><strong><em>Za\u0161to postati \u010dlan?<\/em><\/strong><\/p>\n<p>&#8211; Dodavanje logotipa udru\u017eenja dadilja Srbije u Va\u0161 CV ili portfolio mo\u017ee Vas pozitivno izdvojiti u odnosu na druge kandidate<\/p>\n<p>&#8211; Elektronska ID kartica sa QR kodom mo\u017ee pomo\u0107i da se istaknete na tr\u017ei\u0161tu usluga kao registrovana dadilja<\/p>\n<p>&#8211; Resursi udru\u017eenja dadilja poma\u017eu dadiljama da odr\u017ee visok standard znanja kroz specijalizovane i ekspertske seminare<\/p>\n<p>&#8211; \u010clanovi imaju pristup najnovijim informacijama i mogu\u0107nostima za napredne obuke<\/p>\n<p>&#8211; Dostupnost profesionalnih webinara<\/p>\n<p>&#8211; Umere\u017eavanje sa dadiljama \u0161irom sveta<\/p>\n<p>&#8211; Dostupni resursi za zapo\u0161ljavanje<\/p>\n<p>&#8211; \u010clanovi imaju popust za obuke, seminare i godi\u0161nje konferencije<\/p>\n<p>&#8211; Popunjavanjem pristupnice odnosno registracijom automatski se upisujete u bazu podataka premium agencije za dadilje<\/p>\n<p>&#8211; \u010clanovi su vidljivi u bazi podataka porodicama koje imaju potrebu za dadiljama<\/p>\n<p><strong>\u00a0<\/strong><\/p>\n<p><strong><em>Kako postati \u010dlan udru\u017eenja dadilja Srbije?<\/em><\/strong><\/p>\n<p>Apliciranje za \u010dlanstvo vr\u0161i se preuzimanjem <a href=\"https:\/\/skolazadadilje.org\/wp-content\/uploads\/2024\/09\/pristupnica.doc\">pristupnice (.doc)<\/a>, koju popunjenu i od\u0161tampanu treba poslati na imejl \u0160kole za dadilje (<a href=\"mailto:skolazadadilje@gmail.com\">skolazadadilje@gmail.com<\/a>). Sva polja\/podaci u pristupnici su obavezna. Nakon odobrenja aplikacije, svaki budu\u0107i \u010dlan je du\u017ean da u roku od 7 (sedam) dana uplati godi\u0161nju \u010dlanarinu na ra\u010dun Udru\u017eenja. Godi\u0161nja \u010dlanarina iznosi\u00a0<strong>5000 RSD.<\/strong><\/p>\n<p>Udru\u017eenje dadilja Srbija zadr\u017eava pravo da po svom isklju\u010divom i apsolutnom naho\u0111enju uskrati \u010dlanstvo bilo kom podnosiocu.<\/p>\n<p>\u010clanarine se ne vra\u0107aju.<\/p>\n<p>&nbsp;<\/p>\n<p><strong>Potrebna dokumenta<\/strong><\/p>\n<p><strong>\u00a0<\/strong>Nakon dobijene potvrde o odobrenoj aplikaciji za \u010dlanstvo potrebno je prilo\u017eiti slede\u0107a dokumenta:<\/p>\n1. Skenirana li\u010dna karta<br \/>\n2. Fotografija dimenzija 5&#215;5 cm<br \/>\n3. Dokaz o uplati\n\n","protected":false},"excerpt":{"rendered":"<p>\u010cLANSTVO Udruzenje dadilja Srbije VIP NANNIES povezuje dadilje i profesionalce za brigu o deci, sr\u010dano rade\u0107i na promovisanju resursa, informacija, alata i mogu\u0107nosti koje podsti\u010du na\u0161u<span class=\"excerpt-hellip\"> [\u2026]<\/span><\/p>\n","protected":false},"author":1,"featured_media":0,"parent":0,"menu_order":1,"comment_status":"closed","ping_status":"closed","template":"","meta":{"footnotes":""},"class_list":["post-26","page","type-page","status-publish","hentry"],"_links":{"self":[{"href":"https:\/\/skolazadadilje.org\/index.php\/wp-json\/wp\/v2\/pages\/26","targetHints":{"allow":["GET"]}}],"collection":[{"href":"https:\/\/skolazadadilje.org\/index.php\/wp-json\/wp\/v2\/pages"}],"about":[{"href":"https:\/\/skolazadadilje.org\/index.php\/wp-json\/wp\/v2\/types\/page"}],"author":[{"embeddable":true,"href":"https:\/\/skolazadadilje.org\/index.php\/wp-json\/wp\/v2\/users\/1"}],"replies":[{"embeddable":true,"href":"https:\/\/skolazadadilje.org\/index.php\/wp-json\/wp\/v2\/comments?post=26"}],"version-history":[{"count":13,"href":"https:\/\/skolazadadilje.org\/index.php\/wp-json\/wp\/v2\/pages\/26\/revisions"}],"predecessor-version":[{"id":448,"href":"https:\/\/skolazadadilje.org\/index.php\/wp-json\/wp\/v2\/pages\/26\/revisions\/448"}],"wp:attachment":[{"href":"https:\/\/skolazadadilje.org\/index.php\/wp-json\/wp\/v2\/media?parent=26"}],"curies":[{"name":"wp","href":"https:\/\/api.w.org\/{rel}","templated":true}]}}