{"id":22,"date":"2024-01-30T11:35:08","date_gmt":"2024-01-30T10:35:08","guid":{"rendered":"https:\/\/skolazadadilje.org\/?page_id=22"},"modified":"2026-02-23T10:20:29","modified_gmt":"2026-02-23T08:20:29","slug":"upis-sertifikati","status":"publish","type":"page","link":"https:\/\/skolazadadilje.org\/index.php\/upis-sertifikati\/","title":{"rendered":"Upis\/Sertifikati"},"content":{"rendered":"\n\n\t\t\t\t<img loading=\"lazy\" decoding=\"async\" src=\"https:\/\/skolazadadilje.org\/wp-content\/uploads\/2026\/02\/skolazadadilje_img15-480x320.webp\" alt=\"skolazadadilje_img15\" itemprop=\"image\" height=\"320\" width=\"480\" title=\"skolazadadilje_img15\" onerror=\"this.style.display='none'\"  \/>\n\t\t\t<h3>\n\t\t\t\t\tUSLOVI ZA UPIS \/ POTVRDE I SERTIFIKATI\n\t\t\t\t<\/h3>\n\t\t\t<p><em>Rezime uslova za upis:<\/em><\/p>\n<p><em>Svi kandidati moraju biti psiho-fizi\u010dki sposobni da obavljaju posao koji podrazumeva pozicija profesionalne dadilje. U \u0161koli za dadilje postoji veliki broj metoda procene stepena i diploma \u0161to uklju\u010duje pisanje prezentacija, ru\u010dno pravljenje igra\u010daka i re\u0161avanje studije slu\u010daja.<\/em><\/p>\n<p>\u00a0<\/p>\n<p><strong><em>1. Dokumenta potrebna za upis za poha\u0111anje obuke Dadilja Specijalista :<\/em><\/strong><\/p>\n<ol>\n<li>Fotokopija diplome kao dokaz o posedovanju srednje \u010detvorogodi\u0161nje stru\u010dne spreme<\/li>\n<li>Va\u017ee\u0107a \u010dlanska karta kao dokaz da ste \u010dlan udru\u017eenja dadilja VIP NANNIES<\/li>\n<li>Popunjena pristupnica &#8211; <a href=\"https:\/\/skolazadadilje.org\/wp-content\/uploads\/2026\/02\/Pristupnica-udruzenja.doc\" target=\"_blank\" rel=\"noopener\"><strong>LINK<\/strong><\/a><\/li>\n<li>Slika 5 x 5<\/li>\n<\/ol>\n<p><em><strong>Minimalna starost polaznika je 18 godina.<\/strong><\/em><\/p>\n<p>\u00a0<\/p>\n<p><strong><em>2. Dokumenta potrebna za upis za poha\u0111anje obuke Smart Start obuke\u00a0:<\/em><\/strong><\/p>\n<ol>\n<li>Fotokopija diplome kao dokaz o posedovanju srednje \u010detvorogodi\u0161nje stru\u010dne spreme<\/li>\n<li>Va\u017ee\u0107a \u010dlanska karta kao dokaz da ste \u010dlan udru\u017eenja dadilja VIP NANNIES<\/li>\n<li>Popunjena pristupnica &#8211; <a href=\"https:\/\/skolazadadilje.org\/wp-content\/uploads\/2026\/02\/Pristupnica-udruzenja.doc\" target=\"_blank\" rel=\"noopener\"><strong>LINK<\/strong><\/a><\/li>\n<li>Slika 5 x 5<\/li>\n<\/ol>\n<p>\u00a0<\/p>\n<p><strong><em>3. Dokumenta potrebna za upis za poha\u0111anje\u00a0 Specijalisti\u010dkih seminara<\/em><\/strong>:<\/p>\n<ol>\n<li>Fotokopija diplome kao dokaz o posedovanju srednje \u010detvorogodi\u0161nje stru\u010dne spreme<\/li>\n<li>\u010clanska karta kao dokaz da ste \u010dlan udru\u017eenja dadilja VIP NANNIES<\/li>\n<li>Potvrda o uplati seminara<\/li>\n<\/ol>\n<p>\u00a0<\/p>\n<p><strong>Minimalna starost polaznika je 18 godina.<\/strong><\/p>\n<p><em>Ukoliko imate bilo kakvih nedoumica u vezi sa kvalifikacijama prilikom podno\u0161enja prijave za upis, <a href=\"tel:+381603334342\"><strong><u>kontaktirajte nas.<\/u><\/strong><\/a><\/em><\/p>\n\t<p><strong>POTVRDE I SERTIFIKATI<\/strong><\/p>\n<p>Udru\u017eenje dadilja Srbije izdaje potvrde i sertifikate u elektronskoj formi. Elektronski sertifikati se izdaju polaznicima koji ispunjavaju uslove za sertifikaciju, dok se potvrde izdaju polaznicima o svakom odslu\u0161anom seminaru.<\/p>\n<p>Izrada sertifikata u papirnoj formi se napla\u0107uje <strong>120 EUR.<\/strong><\/p>\n\n","protected":false},"excerpt":{"rendered":"<p>USLOVI ZA UPIS \/ POTVRDE I SERTIFIKATI Rezime uslova za upis: Svi kandidati moraju biti psiho-fizi\u010dki sposobni da obavljaju posao koji podrazumeva pozicija profesionalne dadilje. U<span class=\"excerpt-hellip\"> [\u2026]<\/span><\/p>\n","protected":false},"author":1,"featured_media":0,"parent":0,"menu_order":1,"comment_status":"closed","ping_status":"closed","template":"","meta":{"footnotes":""},"class_list":["post-22","page","type-page","status-publish","hentry"],"_links":{"self":[{"href":"https:\/\/skolazadadilje.org\/index.php\/wp-json\/wp\/v2\/pages\/22","targetHints":{"allow":["GET"]}}],"collection":[{"href":"https:\/\/skolazadadilje.org\/index.php\/wp-json\/wp\/v2\/pages"}],"about":[{"href":"https:\/\/skolazadadilje.org\/index.php\/wp-json\/wp\/v2\/types\/page"}],"author":[{"embeddable":true,"href":"https:\/\/skolazadadilje.org\/index.php\/wp-json\/wp\/v2\/users\/1"}],"replies":[{"embeddable":true,"href":"https:\/\/skolazadadilje.org\/index.php\/wp-json\/wp\/v2\/comments?post=22"}],"version-history":[{"count":37,"href":"https:\/\/skolazadadilje.org\/index.php\/wp-json\/wp\/v2\/pages\/22\/revisions"}],"predecessor-version":[{"id":513,"href":"https:\/\/skolazadadilje.org\/index.php\/wp-json\/wp\/v2\/pages\/22\/revisions\/513"}],"wp:attachment":[{"href":"https:\/\/skolazadadilje.org\/index.php\/wp-json\/wp\/v2\/media?parent=22"}],"curies":[{"name":"wp","href":"https:\/\/api.w.org\/{rel}","templated":true}]}}