{"id":214,"date":"2024-03-27T16:20:34","date_gmt":"2024-03-27T15:20:34","guid":{"rendered":"https:\/\/skolazadadilje.org\/?page_id=214"},"modified":"2026-02-19T12:08:13","modified_gmt":"2026-02-19T10:08:13","slug":"specijalisticki-seminari","status":"publish","type":"page","link":"https:\/\/skolazadadilje.org\/index.php\/obuke\/specijalisticki-seminari\/","title":{"rendered":"Specijalisticki seminari"},"content":{"rendered":"\n\n\t\t\t\t<img loading=\"lazy\" decoding=\"async\" src=\"https:\/\/skolazadadilje.org\/wp-content\/uploads\/2026\/02\/skolazadadilje_img7-480x360.webp\" alt=\"skolazadadilje_img7\" itemprop=\"image\" height=\"360\" width=\"480\" title=\"skolazadadilje_img7\" onerror=\"this.style.display='none'\"  \/>\n\t\t\t<h4>\n\t\t\t\t\tSpecijalisti\u010dki seminari\n\t\t\t\t<\/h4>\n\t<p>\u0160kola za dadilje VIP NANNY&#8217;S je jedina institucija u Evropi koja organizuje specijalisti\u010dke seminare na kojima polaznici u\u010de na\u010dine, metode i tehnike pomo\u0107u kojih mogu ispuniti i najvi\u0161e zahteve porodica.<\/p>\n<p>Specijalisti\u010dki seminari bri\u017eljivo su dizajnirani od strane visoko kompetentnih eksperata iz oblasti profesionalne industrije dadilja i koncipirani su tako da vas pripremaju za rad u <strong><a href=\"https:\/\/en.wikipedia.org\/wiki\/High-net-worth_individual#:~:text=Ultra%2Dhigh%2Dnet%2Dworth%20individuals%20are%20defined%20in%20the,yachts%20and%20personal%20real%20estate\" target=\"_blank\" rel=\"noopener\">UNHWI<\/a><\/strong> porodicama.<\/p>\n\t<h2><strong>PRIJAVITE SE ZA ONLINE OBUKU!<\/strong><\/h2>\n\t\t\t<h4>\n\t\t\t\t\tLISTA NA\u0160IH SEMINARA\n\t\t\t\t<\/h4>\n\t<!doctype html>\n<html>\n<head>\n<link href=\"https:\/\/fonts.googleapis.com\/css?family=Libre+Baskerville:100,200,300,400,400i,500,600,700,800,900&#038;display=swap\" rel=\"stylesheet\"\/>\n<link href=\"https:\/\/fonts.googleapis.com\/css?family=Montserrat:100,200,300,400,400i,500,600,700,800,900&#038;display=swap\" rel=\"stylesheet\"\/>\n<link href=\"https:\/\/fonts.googleapis.com\/css?family=Playfair+Display:100,200,300,400,400i,500,600,700,800,900&#038;display=swap\" rel=\"stylesheet\"\/>\n<link href=\"https:\/\/cdnjs.cloudflare.com\/ajax\/libs\/font-awesome\/4.7.0\/css\/font-awesome.min.css\" rel=\"stylesheet\"\/>\n<\/head>\n<style type=\"text\/css\" data-bundle=\"true\">\nhtml{font-size:16px;-ms-box-sizing:border-box;-moz-box-sizing:border-box;-webkit-box-sizing:border-box;box-sizing:border-box;scroll-behavior:smooth}@media all and (min-width: 768px){html{font-size:16px}}*,*:before,*:after{box-sizing:inherit}\na{-webkit-transition:all 200ms ease;-moz-transition:all 200ms ease;transition:all 200ms ease;color:#cb8741}\na:active,a:focus,a:hover{color:#966129}.open a{-webkit-transition:background-color 200ms ease,color 200ms ease;-moz-transition:background-color 200ms ease,color 200ms ease;transition:background-color 200ms ease,color 200ms ease}\nbody{display:-webkit-box;display:-moz-box;display:box;display:-webkit-flex;display:-moz-flex;display:-ms-flexbox;display:flex;-webkit-box-orient:vertical;-moz-box-orient:vertical;-spec-box-orient:vertical;box-orient:vertical;-webkit-box-direction:normal;-moz-box-direction:normal;-spec-box-direction:normal;box-direction:normal;-webkit-flex-direction:column;-moz-flex-direction:column;-spec-flex-direction:column;flex-direction:column;-ms-flex-direction:column;position:relative;height:100vh;margin:0;padding:0;background-color:#f2f2f2;color:#4c4c4c;overflow-x:hidden}.section__body ul{margin-left:2rem}.section__body ul{list-style:initial}figure{position:relative;margin:0 0 1rem}figure img{display:block;width:100%}figcaption{display:block;position:absolute;bottom:0;left:0;width:100%;padding:0.5rem 1rem;font-size:14px;font-style:italic;z-index:0}figcaption:before{display:block;position:absolute;top:0;left:0;width:100%;height:100%;background-color:#fff;content:\"\";opacity:0.7;z-index:-1}.img-responsive{display:block;width:100%;height:auto}.card{display:-webkit-box;display:-moz-box;display:box;display:-webkit-flex;display:-moz-flex;display:-ms-flexbox;display:flex;-webkit-box-orient:vertical;-moz-box-orient:vertical;-spec-box-orient:vertical;box-orient:vertical;-webkit-box-direction:normal;-moz-box-direction:normal;-spec-box-direction:normal;box-direction:normal;-webkit-flex-direction:column;-moz-flex-direction:column;-spec-flex-direction:column;flex-direction:column;-ms-flex-direction:column;-webkit-transition:-webkit-transform 200ms ease,background-color 200ms ease,box-shadow 200ms ease;-moz-transition:-moz-transform 200ms ease,background-color 200ms ease,box-shadow 200ms ease;transition:transform 200ms ease,background-color 200ms ease,box-shadow 200ms ease;position:relative;height:100%;border-radius:4px;background-color:#fff;color:#4c4c4c;text-decoration:none;box-shadow:0 1px 2px 0 rgba(0,0,0,0.15);-webkit-border-radius:4px;-moz-border-radius:4px;overflow:hidden}.card:active,.card:focus,.card:hover{-webkit-transition:-webkit-transform 200ms ease,background-color 200ms ease,box-shadow 200ms ease;-moz-transition:-moz-transform 200ms ease,background-color 200ms ease,box-shadow 200ms ease;transition:transform 200ms ease,background-color 200ms ease,box-shadow 200ms ease;background-color:#fff;color:#4c4c4c;box-shadow:0px 8px 12px 0px rgba(0,0,0,0.15)}.card h2,.card h3{color:#323232}.card a{text-decoration:none}.card__img-container{display:-webkit-box;display:-moz-box;display:box;display:-webkit-flex;display:-moz-flex;display:-ms-flexbox;display:flex;position:relative}.card__img{aspect-ratio:16\/9;width:100%;object-fit:cover}.card__body-container{display:-webkit-box;display:-moz-box;display:box;display:-webkit-flex;display:-moz-flex;display:-ms-flexbox;display:flex;-webkit-box-orient:vertical;-moz-box-orient:vertical;-spec-box-orient:vertical;box-orient:vertical;-webkit-box-direction:normal;-moz-box-direction:normal;-spec-box-direction:normal;box-direction:normal;-webkit-flex-direction:column;-moz-flex-direction:column;-spec-flex-direction:column;flex-direction:column;-ms-flex-direction:column;height:100%}.card__body{width:100%;height:100%;padding:16px}.card__category{margin-bottom:8px;color:#4c4c4c;font-size:14px;text-transform:uppercase}.card__name{display:-webkit-box;text-overflow:ellipsis;overflow:hidden;-webkit-box-orient:vertical;-webkit-line-clamp:3;margin:0 0 1rem;font-family:\"Playfair Display\",sans-serif;font-size:20px;font-weight:600;line-height:1.25;margin-bottom:8px}.card__product-info{display:-webkit-box;display:-moz-box;display:box;display:-webkit-flex;display:-moz-flex;display:-ms-flexbox;display:flex;-webkit-box-align:center;-moz-box-align:center;-spec-box-align:center;box-align:center;-webkit-align-items:center;-moz-align-items:center;-ms-align-items:center;-o-align-items:center;-spec-align-items:center;align-items:center;-ms-flex-align:center;color:#4c4c4c;font-size:14px}.card__product-info .toga-icon{margin-right:8px}.card__description{display:-webkit-box;text-overflow:ellipsis;overflow:hidden;-webkit-box-orient:vertical;-webkit-line-clamp:3;margin-top:8px;margin-bottom:0;color:#4c4c4c;font-weight:400}.card__price{display:-webkit-box;display:-moz-box;display:box;display:-webkit-flex;display:-moz-flex;display:-ms-flexbox;display:flex;margin-bottom:0;color:#4c4c4c;font-size:14px;line-height:1.5}.card__price-container{padding:0 16px 16px}.card__price-container strong{flex-shrink:0;margin-right:8px;color:#4c4c4c;font-family:\"Playfair Display\",sans-serif;font-size:20px;font-weight:600;line-height:1.2}.card--dashboard .card__header{display:-webkit-box;display:-moz-box;display:box;display:-webkit-flex;display:-moz-flex;display:-ms-flexbox;display:flex;-webkit-box-orient:vertical;-moz-box-orient:vertical;-spec-box-orient:vertical;box-orient:vertical;-webkit-box-direction:normal;-moz-box-direction:normal;-spec-box-direction:normal;box-direction:normal;-webkit-flex-direction:column;-moz-flex-direction:column;-spec-flex-direction:column;flex-direction:column;-ms-flex-direction:column;-webkit-box-flex:1;-moz-box-flex:1;-spec-box-flex:1;box-flex:1;-webkit-flex:1 1 auto;-moz-flex:1 1 auto;-ms-flex:1 1 auto;-spec-flex:1 1 auto;flex:1 1 auto;position:relative;z-index:103}.card--dashboard .card__header a{display:-webkit-box;display:-moz-box;display:box;display:-webkit-flex;display:-moz-flex;display:-ms-flexbox;display:flex;-webkit-box-orient:vertical;-moz-box-orient:vertical;-spec-box-orient:vertical;box-orient:vertical;-webkit-box-direction:normal;-moz-box-direction:normal;-spec-box-direction:normal;box-direction:normal;-webkit-flex-direction:column;-moz-flex-direction:column;-spec-flex-direction:column;flex-direction:column;-ms-flex-direction:column;-webkit-box-flex:1;-moz-box-flex:1;-spec-box-flex:1;box-flex:1;-webkit-flex:1 1 auto;-moz-flex:1 1 auto;-ms-flex:1 1 auto;-spec-flex:1 1 auto;flex:1 1 auto;-webkit-box-pack:justify;-moz-box-pack:justify;-spec-box-pack:justify;box-pack:justify;-webkit-justify-content:space-between;-moz-justify-content:space-between;-ms-justify-content:space-between;-o-justify-content:space-between;-spec-justify-content:space-between;justify-content:space-between;-ms-flex-pack:justify;width:100%;height:100%;text-decoration:none}.card--dashboard .card__name{height:100%;margin:0 24px 24px;padding-top:2rem;text-align:center}.card--dashboard .card__name--community{margin-bottom:16px}.card--dashboard .card__body{height:auto;margin:0;text-align:center}.card--dashboard .card__img{aspect-ratio:16\/9;height:100%;width:100%;object-fit:cover}.card--dashboard .card__details{display:flex;flex:1;height:3rem}.card--dashboard .card__details a,.products__list{display:-webkit-box;display:-moz-box;display:box;display:-webkit-flex;display:-moz-flex;display:-ms-flexbox;display:flex;-webkit-box-lines:multiple;-moz-box-lines:multiple;-spec-box-lines:multiple;box-lines:multiple;-webkit-flex-wrap:wrap;-moz-flex-wrap:wrap;-ms-flex-wrap:wrap;-spec-flex-wrap:wrap;flex-wrap:wrap;margin-right:-1rem;margin-left:-1rem;padding-right:0;padding-left:0;-webkit-box-pack:center;-moz-box-pack:center;-spec-box-pack:center;box-pack:center;-webkit-justify-content:center;-moz-justify-content:center;-ms-justify-content:center;-o-justify-content:center;-spec-justify-content:center;justify-content:center;-ms-flex-pack:center}.products__list:after,.products__list:before{-webkit-flex-basis:0;-moz-flex-basis:0;-spec-flex-basis:0;flex-basis:0;-ms-flex-preferred-size:0;order:1}\n.products__list-item{position:relative;width:100%;padding-right:1rem;padding-left:1rem;flex:0 0 100%;max-width:100%;padding-bottom:24px}@media all and (min-width: 570px){.products__list-item{position:relative;width:100%;padding-right:1rem;padding-left:1rem;flex:0 0 50%;max-width:50%}}@media all and (min-width: 992px){.products__list-item{flex:0 0 33.33%;max-width:33.33%}}.products__collections-list{display:-webkit-box;display:-moz-box;display:box;display:-webkit-flex;display:-moz-flex;display:-ms-flexbox;display:flex;-webkit-box-lines:multiple;-moz-box-lines:multiple;-spec-box-lines:multiple;box-lines:multiple;-webkit-flex-wrap:wrap;-moz-flex-wrap:wrap;-ms-flex-wrap:wrap;-spec-flex-wrap:wrap;flex-wrap:wrap;-webkit-box-align:center;-moz-box-align:center;-spec-box-align:center;box-align:center;-webkit-align-items:center;-moz-align-items:center;-ms-align-items:center;-o-align-items:center;-spec-align-items:center;align-items:center;-ms-flex-align:center;margin:0 0 1rem}.products__collections-list:after,.products__collections-list:before{-webkit-flex-basis:0;-moz-flex-basis:0;-spec-flex-basis:0;flex-basis:0;-ms-flex-preferred-size:0;order:1}.products__collections-list-item{display:block;width:100%;padding:0.5rem 0;line-height:1}@media all and (min-width: 768px){.products__collections-list-item{display:inline-block;width:auto;margin:0 1rem 0 0}.products__collections-list-item:last-child{margin:0}}.products__collections-list-item a{position:relative;padding-left:0.8rem;line-height:1;text-decoration:none}@media all and (min-width: 768px){.products__collections-list-item a{padding-left:0}}.products__collections-list-item a:after{display:inline-block;position:absolute;bottom:0;left:0;width:3px;height:100%;background-color:#cb8741;content:none}@media all and (min-width: 768px){.products__collections-list-item a:after{bottom:-5px;width:100%;height:1px}}.products__collections-list-item a.active:after,.products__collections-list-item a:active:after,.products__collections-list-item a:focus:after,.products__collections-list-item a:hover:after{content:\"\"}.collections__container{position:relative;width:100%;margin:0 auto;padding-right:1rem;padding-left:1rem;padding-top:2rem;padding-bottom:1rem}@media all and (min-width: 768px){.collections__container{max-width:768px}}@media all and (min-width: 992px){.collections__container{max-width:992px}}@media all and (min-width: 1200px){.collections__container{max-width:1200px}}@media all and (min-width: 768px){.collections__container{padding-top:4rem;padding-bottom:2rem}}.collections__heading{margin:0 0 1rem;font-family:\"Montserrat\",sans-serif;font-size:27px;font-weight:700;line-height:1.2}@media all and (min-width: 768px){.collections__heading{font-size:40px}}\n\/* ====== MODAL ====== *\/\n.custom-modal{display:none;position:fixed;z-index:9999;inset:0;background:rgba(0,0,0,0.6);justify-content:center;align-items:center;padding:30px;animation:fadeIn 0.25s ease}\n.custom-modal-content{background:#fff;max-width:800px;width:100%;padding:40px;border-radius:12px;max-height:85vh;overflow-y:auto;position:relative;font-family:\"Montserrat\",sans-serif;line-height:1.7}\n.custom-modal-content h2{font-family:\"Playfair Display\",serif;font-size:32px;margin-bottom:20px}\n.custom-modal-content h3{margin-top:30px;margin-bottom:15px;font-weight:600}\n.custom-modal-content p{margin-bottom:18px;font-size:16px;color:#444}\n.custom-modal-content ul{margin-left:20px;margin-bottom:20px}\n.custom-modal-content li{margin-bottom:10px}\n.custom-close{position:absolute;top:15px;right:20px;font-size:28px;cursor:pointer;transition:0.2s}\n.custom-close:hover{transform:scale(1.2)}\n.custom-modal.active{display:flex}\n@keyframes fadeIn{from{opacity:0}to{opacity:1}}\n<\/style>\n<body>\n<main id=\"main-content\" role=\"main\">\n        <!-- SEMINAR 1 -->\n          <a href=\"#\" data-popup-id=\"popup-elite-nanny-code\">\n              <!-- UBACITE URL SLIKE ZA SEMINAR 1 (THE ELITE NANNY CODE) -->\n              <img decoding=\"async\" src=\"https:\/\/skolazadadilje.org\/wp-content\/uploads\/2026\/02\/skolazadadilje_img6.webp\" alt=\"THE ELITE NANNY CODE\u2122\" loading=\"lazy\"\/>\n                <h3>THE ELITE NANNY CODE\u2122 &#8211; Tajna vrhunskih profesionalnih dadilja 21. veka<\/h3>\n                 Seminar\n                <p>Ekskluzivni vi\u0161ednevni seminar koji redefini\u0161e ulogu dadilje u 21. veku i postavlja globalne profesionalne standarde.<\/p>\n              \n          <\/a>\n        <!-- SEMINAR 2 -->\n          <a href=\"#\" data-popup-id=\"popup-balance-heart-mind\">\n              <!-- UBACITE URL SLIKE ZA SEMINAR 2 (THE BALANCE BETWEEN HEART AND MIND) -->\n              <img decoding=\"async\" src=\"https:\/\/skolazadadilje.org\/wp-content\/uploads\/2026\/02\/skolazadadilje_img3.webp\" alt=\"THE BALANCE BETWEEN HEART AND MIND\" loading=\"lazy\"\/>\n                <h3>THE BALANCE BETWEEN HEART AND MIND &#8211; Dubinska psihologija odnosa, potreba i rasta<\/h3>\n                 Seminar\n                <p>Program koji profesionalnim dadiljama pru\u017ea duboko razumevanje psiholo\u0161kih potreba dece i odraslih.<\/p>\n              \n          <\/a>\n        <!-- SEMINAR 3 -->\n          <a href=\"#\" data-popup-id=\"popup-talking-brain\">\n              <!-- UBACITE URL SLIKE ZA SEMINAR 3 (THE TALKING BRAIN) -->\n              <img decoding=\"async\" src=\"https:\/\/skolazadadilje.org\/wp-content\/uploads\/2026\/02\/skolazadadilje_img16.webp\" alt=\"THE TALKING BRAIN\" loading=\"lazy\"\/>\n                <h3>THE TALKING BRAIN &#8211; Nauka i praksa ranog govornog razvoja<\/h3>\n                 Seminar\n                <p>Sveobuhvatan sistem razvoja govorno-jezi\u010dkih ve\u0161tina kod dece od ro\u0111enja do \u0161este godine.<\/p>\n              \n          <\/a>\n        <!-- SEMINAR 4 -->\n          <a href=\"#\" data-popup-id=\"popup-elite-pedagogy\">\n              <!-- UBACITE URL SLIKE ZA SEMINAR 4 (THE ELITE PEDAGOGY PROGRAM) -->\n              <img decoding=\"async\" src=\"https:\/\/skolazadadilje.org\/wp-content\/uploads\/2026\/02\/skolazadadilje_img9.webp\" alt=\"THE ELITE PEDAGOGY PROGRAM\" loading=\"lazy\"\/>\n                <h3>THE ELITE PEDAGOGY PROGRAM &#8211; Pedago\u0161ki temelj vrhunske nege<\/h3>\n                 Seminar\n                <p>Razvojno-pedago\u0161ki program za profesionalne dadilje po najvi\u0161im savremenim obrazovnim standardima.<\/p>\n              \n          <\/a>\n        <!-- SEMINAR 5 -->\n          <a href=\"#\" data-popup-id=\"popup-prestige-montessori\">\n              <!-- UBACITE URL SLIKE ZA SEMINAR 5 (THE PRESTIGE MONTESSORI EXPERIENCE) -->\n              <img decoding=\"async\" src=\"https:\/\/skolazadadilje.org\/wp-content\/uploads\/2026\/02\/skolazadadilje_img12.webp\" alt=\"THE PRESTIGE MONTESSORI EXPERIENCE\" loading=\"lazy\"\/>\n                <h3>THE PRESTIGE MONTESSORI EXPERIENCE &#8211; Kako stvoriti savr\u0161eno razvojno okru\u017eenje od ro\u0111enja do sedam godine<\/h3>\n                 Seminar\n                <p>Montessori program u ku\u0107nom okru\u017eenju, prilago\u0111en radu profesionalnih dadilja i porodica visokih standarda.<\/p>\n              \n          <\/a>\n<\/main>\n<!-- Skriveni sadr\u017eaj za popup modale -->\n  <h2>THE ELITE NANNY CODE\u2122 &#8211; Tajna vrhunskih profesionalnih dadilja 21. veka<\/h2>\n  <p>Ovo nije obi\u010dan seminar. Ovo je manifest nove profesije! <strong>THE ELITE NANNY CODE<\/strong> je ekskluzivni, vi\u0161ednevni seminar koji redefini\u0161e ulogu dadilje u 21. veku, podi\u017ee profesiju na nivo elitne karijere i postavlja globalne profesionalne standarde. Ovaj seminar stvara novu generaciju profesionalnih dadilja &#8211; emocionalno inteligentnih, psiholo\u0161ki stabilnih, eti\u010dki sna\u017enih i visoko obrazovanih \u017eena.<\/p>\n  <h3>\u0160ta polaznici dobijaju<\/h3>\n  <p>Ovo nije klasi\u010dna edukacija za dadilje. Ovo je transformacioni profesionalni program nakon kojeg \u0107ete razviti:<\/p>\n  <ul>\n    <li>Visok nivo profesionalne kulture u svetu brige o deci<\/li>\n    <li>Samopouzdanje, sigurnost i li\u010dni autoritet<\/li>\n    <li>Ve\u0161tinu jasne, smirene i ciljane komunikacije sa roditeljima<\/li>\n    <li>Regulaciju emocija i upravljanje stresom u okru\u017eenjima elitnog rada<\/li>\n    <li>Prednost pri zapo\u0161ljavanju u elitnim porodicama<\/li>\n  <\/ul>\n  <h2>THE BALANCE BETWEEN HEART AND MIND &#8211; Dubinska psihologija odnosa, potreba i rasta<\/h2>\n  <p>Ovaj jedinstveni edukativni program osmi\u0161ljen je da profesionalnim dadiljama pru\u017ei duboko razumevanje psiholo\u0161kih potreba dece i odraslih, kao temelj emocionalne stabilnosti, zdravog razvoja i kvalitetnih odnosa.<\/p>\n  <p>Kroz jasno strukturirane module, polaznice u\u010de da razlikuju povr\u0161ne \u017eelje od stvarnih potreba, koriste\u0107i sna\u017enu metaforu apetita i gladi, kao i da razviju sposobnost prepoznavanja potreba kroz kombinaciju razuma i emocionalne inteligencije.<\/p>\n  <p>Poseban fokus stavljen je na \u0161est osnovnih ljudskih potreba &#8211; sigurnost, varijabilnost, zna\u010daj, konekciju\/ljubav, rast i doprinos &#8211; i njihovu primenu u svakodnevnom radu sa decom i porodicama. Program poma\u017ee dadiljama da razumeju kako nezadovoljene potrebe uti\u010du na pona\u0161anje, emocionalni razvoj i psiholo\u0161ko zdravlje deteta, kao i na sopstvenu profesionalnu stabilnost.<\/p>\n  <p>Kroz prakti\u010dne primere, studije slu\u010daja i konkretne alate, polaznice sti\u010du sposobnost da pravovremeno prepoznaju emocionalne signale, izgrade sigurno, podr\u017eavaju\u0107e okru\u017eenje i razviju zrelu profesionalnu ulogu zasnovanu na empatiji, etici i svesnoj komunikaciji. Program vodi od teorijskog razumevanja ka konkretnoj praksi, omogu\u0107avaju\u0107i dadiljama da postanu emocionalno pismeni, stabilni i visoko kompetentni profesionalci.<\/p>\n  <h3>\u0160ta polaznici dobijaju<\/h3>\n  <ul>\n    <li>Me\u0111unarodno strukturisan program<\/li>\n    <li>Postaju emocionalno pismeni eksperti<\/li>\n    <li>Fokus na realne situacione prilike u radu sa porodicama<\/li>\n    <li>Sposobnost brzog \u010ditanja emocionalnih stanja<\/li>\n    <li>Elitne profesionalne standarde<\/li>\n    <li>Me\u0111unarodni globalno priznat sertifikat<\/li>\n    <li>Prednost pri anga\u017eovanju u elitnim porodicama<\/li>\n  <\/ul>\n  <h2>THE TALKING BRAIN &#8211; Nauka i praksa ranog govornog razvoja<\/h2>\n  <p>Ovaj program namenjen profesionalnim dadiljama pru\u017ea sveobuhvatan, stru\u010dno utemeljen i prakti\u010dno primenljiv sistem razvoja govorno-jezi\u010dkih ve\u0161tina kod dece od ro\u0111enja do \u0161este godine.<\/p>\n  <p>Kroz 15 pa\u017eljivo strukturiranih modula, polaznice sti\u010du temeljno razumevanje razvoja govora, jezika, komunikacije, slu\u0161ne percepcije i rane stimulacije, uz poseban fokus na svakodnevnu prakti\u010dnu primenu u porodi\u010dnom okru\u017eenju. Program integri\u0161e savremena saznanja iz logopedije, razvojne psihologije i neuroedukacije, osna\u017euju\u0107i dadilje da postanu svesni graditelji jezi\u010dkog, kognitivnog i emocionalnog potencijala deteta.<\/p>\n  <p>Ekskluzivni edukativni program koji profesionalne dadilje osposobljava da postanu stru\u010dni vodi\u010di govorno-jezi\u010dkog razvoja dece, kroz savremene metode stimulacije, igre, komunikacije i rane intervencije. Program spaja nauku, praksu i elitni profesionalni standard.<\/p>\n  <h3>\u0160ta polaznici dobijaju<\/h3>\n  <ul>\n    <li>Ekspertsko razumevanje govorno-jezi\u010dkog razvoja<\/li>\n    <li>Prakti\u010dne ve\u0161tine stimulacije govora u ku\u0107nom okru\u017eenju<\/li>\n    <li>Prepoznavanje ranih znakova ka\u0161njenja u govoru<\/li>\n    <li>Sigurnost u radu sa decom razli\u010ditih razvojnih profila (rad sa dvojezi\u010dnom decom, rad sa decom koja kasne u govoru, rad sa emocionalno osetljivom decom)<\/li>\n    <li>Me\u0111unarodno priznata diploma<\/li>\n    <li>Visoko tra\u017eeni kadrovi u VIP i me\u0111unarodnim porodicama<\/li>\n  <\/ul>\n  <h2>THE ELITE PEDAGOGY PROGRAM &#8211; Pedago\u0161ki temelj vrhunske nege<\/h2>\n  <p>Ovaj ekskluzivni edukativni seminar predstavlja sveobuhvatan razvojno-pedago\u0161ki program za profesionalne dadilje, osmi\u0161ljen prema najvi\u0161im savremenim obrazovnim standardima.<\/p>\n  <p>Kroz deset pa\u017eljivo strukturiranih modula, polaznici sti\u010du dubinsko razumevanje razvoja deteta, pedago\u0161kih principa, emocionalnih potreba, komunikacije, igre, kreativnosti i socijalnih ve\u0161tina, uz sna\u017ean fokus na prakti\u010dnu primenu u porodi\u010dnom okru\u017eenju. Program osna\u017euje dadilje da izgrade profesionalni identitet zasnovan na znanju, etici, empatiji i svesnoj komunikaciji, omogu\u0107avaju\u0107i im da postanu razvojni mentori deteta, a ne samo \u010duvari.<\/p>\n  <p>Poseban akcenat stavljen je na razvoj samostalnosti, emocionalne stabilnosti, socijalne inteligencije i kreativnosti deteta, kao i na odgovorno i pedago\u0161ki utemeljeno kori\u0161\u0107enje digitalnih medija. Ovaj seminar postavlja novi standard profesije, oblikuju\u0107i elitne profesionalne dadilje sposobne da vode decu ka samopouzdanju, radoznalosti i zdravom razvoju.<\/p>\n  <p>Ekskluzivni pedago\u0161ki program koji profesionalne dadilje osposobljava da postanu razvojni mentori deteta, kroz savremenu pedagogiju, psihologiju razvoja, komunikaciju, igru i kreativnost &#8211; po najvi\u0161im svetskim standardima.<\/p>\n  <h3>\u0160ta polaznici dobijaju<\/h3>\n  <ul>\n    <li>Savremene pedago\u0161ke ve\u0161tine za rad u porodici 21. veka<\/li>\n    <li>Znanja o savesnom kori\u0161\u0107enju digitalnih medija<\/li>\n    <li>Stru\u010dni profesionalni identitet<\/li>\n    <li>Prakti\u010dne alate i metode rada<\/li>\n    <li>Integracija pedagogije, razvojne psihologije i neuroedukacije<\/li>\n    <li>Me\u0111unarodno priznat sertifikat<\/li>\n  <\/ul>\n  <h2>THE PRESTIGE MONTESSORI EXPERIENCE &#8211; Kako stvoriti savr\u0161eno razvojno okru\u017eenje od ro\u0111enja do sedam godine<\/h2>\n  <p>Ovaj ekskluzivni seminar pru\u017ea sofisticiran i prakti\u010dno primenljiv uvid u Montessori program u ku\u0107nom okru\u017eenju, posebno prilago\u0111en radu profesionalnih dadilja i porodica visokih standarda.<\/p>\n  <p>Program osna\u017euje dadilje da postanu svesni vodi\u010di de\u010djeg razvoja, sposobni da stvore harmoni\u010dno, estetski negovano i razvojno stimulativno okru\u017eenje u kome dete prirodno razvija samostalnost, koncentraciju, unutra\u0161nju disciplinu i ljubav prema u\u010denju.<\/p>\n  <p>Kroz pa\u017eljivo osmi\u0161ljene module, u\u010desnici usvajaju principe Montessori filozofije, neuropsihologije ranog razvoja i savremene pedago\u0161ke prakse, sa jasnim fokusom na svakodnevnu primenu u porodi\u010dnom domu. Poseban akcenat stavljen je na organizaciju prostora, izbor aktivnosti, ritam dana i ulogu dadilje kao diskretnog, ali klju\u010dnog mentora deteta.<\/p>\n  <p>Ovaj seminar ne pru\u017ea samo znanje &#8211; on oblikuje stil \u017eivota i profesionalni identitet, stvaraju\u0107i novu generaciju elitnih Montessori dadilja, osposobljenih za rad u najzahtevnijim porodi\u010dnim okru\u017eenjima \u0161irom sveta.<\/p>\n  <h3>\u0160ta polaznici dobijaju<\/h3>\n  <ul>\n    <li>Prakti\u010dni rad i studije slu\u010daja<\/li>\n    <li>Fokus na realne porodi\u010dne situacije kroz Montessori paradigmu<\/li>\n    <li>Ve\u0161tine koje dadilje mogu prilagoditi u radu sa decom visokih kognitivnih i emocionalnih kapaciteta<\/li>\n    <li>Ve\u0107a konkurentnost na tr\u017ei\u0161tu i pristup elitnim porodicama<\/li>\n    <li>Me\u0111unarodno priznata diploma<\/li>\n    <li>Zlatni standard kvaliteta<\/li>\n  <\/ul>\n<!-- Modal -->\n    &times;\n<\/body>\n<\/html>\n\t<h2><a href=\"https:\/\/forms.gle\/QcizJWD7brFJSMch6\" target=\"_blank\" rel=\"noopener\"><strong>PRIJAVITE SE ZA ONLINE OBUKU!<\/strong><\/a><\/h2>\n\n","protected":false},"excerpt":{"rendered":"<p>Specijalisti\u010dki seminari \u0160kola za dadilje VIP NANNY&#8217;S je jedina institucija u Evropi koja organizuje specijalisti\u010dke seminare na kojima polaznici u\u010de na\u010dine, metode i tehnike pomo\u0107u kojih<span class=\"excerpt-hellip\"> [\u2026]<\/span><\/p>\n","protected":false},"author":1,"featured_media":0,"parent":20,"menu_order":0,"comment_status":"closed","ping_status":"closed","template":"","meta":{"footnotes":""},"class_list":["post-214","page","type-page","status-publish","hentry"],"_links":{"self":[{"href":"https:\/\/skolazadadilje.org\/index.php\/wp-json\/wp\/v2\/pages\/214","targetHints":{"allow":["GET"]}}],"collection":[{"href":"https:\/\/skolazadadilje.org\/index.php\/wp-json\/wp\/v2\/pages"}],"about":[{"href":"https:\/\/skolazadadilje.org\/index.php\/wp-json\/wp\/v2\/types\/page"}],"author":[{"embeddable":true,"href":"https:\/\/skolazadadilje.org\/index.php\/wp-json\/wp\/v2\/users\/1"}],"replies":[{"embeddable":true,"href":"https:\/\/skolazadadilje.org\/index.php\/wp-json\/wp\/v2\/comments?post=214"}],"version-history":[{"count":33,"href":"https:\/\/skolazadadilje.org\/index.php\/wp-json\/wp\/v2\/pages\/214\/revisions"}],"predecessor-version":[{"id":503,"href":"https:\/\/skolazadadilje.org\/index.php\/wp-json\/wp\/v2\/pages\/214\/revisions\/503"}],"up":[{"embeddable":true,"href":"https:\/\/skolazadadilje.org\/index.php\/wp-json\/wp\/v2\/pages\/20"}],"wp:attachment":[{"href":"https:\/\/skolazadadilje.org\/index.php\/wp-json\/wp\/v2\/media?parent=214"}],"curies":[{"name":"wp","href":"https:\/\/api.w.org\/{rel}","templated":true}]}}