{"id":2,"date":"2024-01-30T09:46:13","date_gmt":"2024-01-30T09:46:13","guid":{"rendered":"https:\/\/skolazadadilje.org\/?page_id=2"},"modified":"2026-02-23T14:36:17","modified_gmt":"2026-02-23T12:36:17","slug":"pocetna","status":"publish","type":"page","link":"https:\/\/skolazadadilje.org\/","title":{"rendered":"Po\u010detna"},"content":{"rendered":"\n\n\t\n\t\t\t<!-- START Pocetna  Dadilje REVOLUTION SLIDER 6.6.20 --><p class=\"rs-p-wp-fix\"><\/p>\n\t\t\t<rs-module-wrap id=\"rev_slider_1_1_wrapper\" data-source=\"gallery\" style=\"visibility:hidden;background:transparent;padding:5px;margin:0px auto;margin-top:0;margin-bottom:0;\">\n\t\t\t\t<rs-module id=\"rev_slider_1_1\" style=\"\" data-version=\"6.6.20\">\n\t\t\t\t\t<rs-slides style=\"overflow: hidden; position: absolute;\">\n\t\t\t\t\t\t<rs-slide style=\"position: absolute;\" data-key=\"rs-1\" data-title=\"Slide\" data-in=\"o:0;\" data-out=\"a:false;\">\n\t\t\t\t\t\t\t<img decoding=\"async\" src=\"\/\/skolazadadilje.org\/wp-content\/plugins\/revslider\/public\/assets\/assets\/dummy.png\" alt=\"Slide\" title=\"Po\u010detna\" class=\"rev-slidebg tp-rs-img rs-lazyload\" data-lazyload=\"\/\/skolazadadilje.org\/wp-content\/plugins\/revslider\/public\/assets\/assets\/transparent.png\" data-no-retina>\n<!--\n\t\t\t\t\t\t\t--><rs-layer\n\t\t\t\t\t\t\t\tid=\"slider-1-slide-1-layer-0\" \n\t\t\t\t\t\t\t\tdata-type=\"image\"\n\t\t\t\t\t\t\t\tdata-rsp_ch=\"on\"\n\t\t\t\t\t\t\t\tdata-xy=\"x:c;y:m;yo:120px;\"\n\t\t\t\t\t\t\t\tdata-text=\"w:normal;\"\n\t\t\t\t\t\t\t\tdata-dim=\"w:['784px','784px','784px','784px'];h:['1176px','1176px','1176px','1176px'];\"\n\t\t\t\t\t\t\t\tdata-frame_1=\"sp:5000;\"\n\t\t\t\t\t\t\t\tdata-frame_999=\"o:0;st:w;sR:4000;\"\n\t\t\t\t\t\t\t\tstyle=\"z-index:6;\"\n\t\t\t\t\t\t\t><img decoding=\"async\" src=\"\/\/skolazadadilje.org\/wp-content\/plugins\/revslider\/public\/assets\/assets\/dummy.png\" alt=\"\" class=\"tp-rs-img rs-lazyload\" width=\"1280\" height=\"1920\" data-lazyload=\"\/\/skolazadadilje.org\/wp-content\/uploads\/2026\/02\/skolazadadilje_img1.webp\" data-no-retina> \n\t\t\t\t\t\t\t<\/rs-layer><!--\n\n\t\t\t\t\t\t\t--><rs-layer\n\t\t\t\t\t\t\t\tid=\"slider-1-slide-1-layer-1\" \n\t\t\t\t\t\t\t\tdata-type=\"image\"\n\t\t\t\t\t\t\t\tdata-rsp_ch=\"on\"\n\t\t\t\t\t\t\t\tdata-xy=\"x:c;y:m;\"\n\t\t\t\t\t\t\t\tdata-text=\"w:normal;\"\n\t\t\t\t\t\t\t\tdata-dim=\"w:['784px','784px','784px','784px'];h:['1176px','1176px','1176px','1176px'];\"\n\t\t\t\t\t\t\t\tdata-frame_1=\"st:5000;sp:4000;sR:5000;\"\n\t\t\t\t\t\t\t\tdata-frame_999=\"o:0;st:w;\"\n\t\t\t\t\t\t\t\tstyle=\"z-index:7;\"\n\t\t\t\t\t\t\t><img decoding=\"async\" src=\"\/\/skolazadadilje.org\/wp-content\/plugins\/revslider\/public\/assets\/assets\/dummy.png\" alt=\"\" class=\"tp-rs-img rs-lazyload\" width=\"1280\" height=\"1920\" data-lazyload=\"\/\/skolazadadilje.org\/wp-content\/uploads\/2026\/02\/skolazadadilje_img2.webp\" data-no-retina> \n\t\t\t\t\t\t\t<\/rs-layer><!--\n-->\t\t\t\t\t\t<\/rs-slide>\n\t\t\t\t\t<\/rs-slides>\n\t\t\t\t<\/rs-module>\n\t\t\t\t<script>\n\t\t\t\t\tsetREVStartSize({c: 'rev_slider_1_1',rl:[1240,1024,1024,1024],el:[521,768,768,768],gw:[782,782,782,782],gh:[521,521,521,521],type:'standard',justify:'',layout:'fullwidth',mh:\"0\"});if (window.RS_MODULES!==undefined && window.RS_MODULES.modules!==undefined && window.RS_MODULES.modules[\"revslider11\"]!==undefined) {window.RS_MODULES.modules[\"revslider11\"].once = false;window.revapi1 = undefined;if (window.RS_MODULES.checkMinimal!==undefined) window.RS_MODULES.checkMinimal()}\n\t\t\t\t<\/script>\n\t\t\t<\/rs-module-wrap>\n\t\t\t<!-- END REVOLUTION SLIDER -->\n\n<h1>\n\t\t\u0160KOLA ZA DADILJE\n\t<\/h1>\n\t<h2><strong>MESTA SU POPUNJENA<\/strong><\/h2>\n<h2><strong>Prijave za mart \/ april<\/strong><\/h2>\n<p>&nbsp;<\/p>\n\t<p>\u0160kola za dadilje VIP NANNY&#8217;S je globalni lider u kreiranju specijalizovanih obuka za dadilje koji nudi lako dostupno i visoko kvalitetno obrazovanje. \u0160kolovane dadilje u svim razvijenijim zemljama sveta, u radu sa decom, posti\u017eu zna\u010dajno bolje rezultate u odnosu na one dadilje koje nemaju edukaciju. Obuke i seminari udru\u017eenja dadilja VIP NANNY&#8217;S uskla\u0111eni su sa me\u0111unarodnim standardima i akreditovani od strane ameri\u010dkog akreditacionog tela za kontinuirani profesionalni razvoj.<\/p>\n\t\t\t<h2>\n\t\t\t\t\t\u0160TA VAM DONOSI POSEDOVANJE SERTIFIKATA?\n\t\t\t\t<\/h2>\n\t\t\t<p>Sticanje zvani\u010dnog sertifikata govori da imate realne, profitabilne ve\u0161tine i znanja koja Vam omogu\u0107avaju da dobijete odli\u010dno pla\u0107en posao. Sticanjem sertifikata pokazujete posve\u0107enost svojoj profesiji i posve\u0107enost pru\u017eanju najvi\u0161eg nivoa usluge u industriji profesionalne brige o deci.<\/p>\n<p>\u00a0<\/p>\n<p>Istra\u017eivanja pokazuju da obrazovanje i iskustvo dadilje visoko koreliraju sa visokim zaradama. Dadilje koje kontinuirano ula\u017eu u svoje obrazovanje, imaju pristup bolje pla\u0107enim poslovima.<\/p>\n<p>\u00a0<\/p>\n<p>Na\u0161e osnovne i visoko specijalizovane obuke za profesionalce koji brinu o deci i interaktivni seminari kreirani su tako da je polaznicima omogu\u0107ena fleksibilnost u u\u010denju, visok standard podu\u010davanja, dostupnost svetskih nau\u010dnih istra\u017eivanja i saznanja iz oblasti nege, zdravlja i edukacije dece.<\/p>\n<h3>\n\t\tPOGLEDAJTE NA\u0160E OBUKE\n\t<\/h3>\n\t\t\t\t<a href=\"https:\/\/skolazadadilje.org\/index.php\/obuke\/specijalisticke-obuke\/\" target=\"_self\" itemprop=\"url\">\n\t\t\t\t<img loading=\"lazy\" decoding=\"async\" src=\"https:\/\/skolazadadilje.org\/wp-content\/uploads\/2024\/03\/serifikat-2.png\" alt=\"specijalisticke-obuke-dadilje\" itemprop=\"image\" height=\"1241\" width=\"1754\" title=\"specijalisticke-obuke-dadilje\" onerror=\"this.style.display='none'\"  \/>\n\t\t\t\t<\/a>\n\t\t\t\t<a href=\"https:\/\/skolazadadilje.org\/index.php\/obuke\/specijalisticki-seminari\/\" target=\"_self\" itemprop=\"url\">\n\t\t\t\t<img loading=\"lazy\" decoding=\"async\" src=\"https:\/\/skolazadadilje.org\/wp-content\/uploads\/2024\/03\/serifikat-3.png\" alt=\"specijalisticki-seminari-dadilje\" itemprop=\"image\" height=\"1241\" width=\"1754\" title=\"specijalisticki-seminari-dadilje\" onerror=\"this.style.display='none'\"  \/>\n\t\t\t\t<\/a>\n\t\t\t\t<a href=\"https:\/\/skolazadadilje.org\/index.php\/obuke\/master-program\/\" target=\"_self\" itemprop=\"url\">\n\t\t\t\t<img loading=\"lazy\" decoding=\"async\" src=\"https:\/\/skolazadadilje.org\/wp-content\/uploads\/2026\/02\/serifikat-masterProgrami.webp\" alt=\"serifikat-masterProgrami\" itemprop=\"image\" height=\"1358\" width=\"1920\" title=\"serifikat-masterProgrami\" onerror=\"this.style.display='none'\"  \/>\n\t\t\t\t<\/a>\n\n","protected":false},"excerpt":{"rendered":"<p>\u0160KOLA ZA DADILJE MESTA SU POPUNJENA Prijave za mart \/ april &nbsp; \u0160kola za dadilje VIP NANNY&#8217;S je globalni lider u kreiranju specijalizovanih obuka za dadilje<span class=\"excerpt-hellip\"> [\u2026]<\/span><\/p>\n","protected":false},"author":1,"featured_media":0,"parent":0,"menu_order":1,"comment_status":"closed","ping_status":"closed","template":"","meta":{"footnotes":""},"class_list":["post-2","page","type-page","status-publish","hentry"],"_links":{"self":[{"href":"https:\/\/skolazadadilje.org\/index.php\/wp-json\/wp\/v2\/pages\/2","targetHints":{"allow":["GET"]}}],"collection":[{"href":"https:\/\/skolazadadilje.org\/index.php\/wp-json\/wp\/v2\/pages"}],"about":[{"href":"https:\/\/skolazadadilje.org\/index.php\/wp-json\/wp\/v2\/types\/page"}],"author":[{"embeddable":true,"href":"https:\/\/skolazadadilje.org\/index.php\/wp-json\/wp\/v2\/users\/1"}],"replies":[{"embeddable":true,"href":"https:\/\/skolazadadilje.org\/index.php\/wp-json\/wp\/v2\/comments?post=2"}],"version-history":[{"count":56,"href":"https:\/\/skolazadadilje.org\/index.php\/wp-json\/wp\/v2\/pages\/2\/revisions"}],"predecessor-version":[{"id":517,"href":"https:\/\/skolazadadilje.org\/index.php\/wp-json\/wp\/v2\/pages\/2\/revisions\/517"}],"wp:attachment":[{"href":"https:\/\/skolazadadilje.org\/index.php\/wp-json\/wp\/v2\/media?parent=2"}],"curies":[{"name":"wp","href":"https:\/\/api.w.org\/{rel}","templated":true}]}}